{"id":1977,"date":"2019-02-13T11:40:29","date_gmt":"2019-02-13T10:40:29","guid":{"rendered":"https:\/\/axel-one.com\/mentions-legales\/"},"modified":"2019-11-04T10:00:47","modified_gmt":"2019-11-04T09:00:47","slug":"legal-information","status":"publish","type":"page","link":"https:\/\/axel-one.com\/en\/legal-information\/","title":{"rendered":"Legal information"},"content":{"rendered":"<div class=\"wpb-content-wrapper\"><p>[vc_row el_class=&#8221;debut-page&#8221;][vc_column]<style type=\"text\/css\" data-type=\"the7_shortcodes-inline-css\">.dt-breadcrumbs-id-7372d308c153a0faceb544ead8d33aae .breadcrumbs {\n  display: inline-block;\n  margin: 0;\n  padding: 2px 10px 2px 10px;\n  border: 0px solid ;\n  border-radius: 0px;\n}\n.dt-breadcrumbs-id-7372d308c153a0faceb544ead8d33aae .breadcrumbs * {\n  font-size: 10px;\n  line-height: 15px;\n  color: #909090;\n}\n<\/style><div class=\"dt-breadcrumbs-shortcode dt-breadcrumbs-id-7372d308c153a0faceb544ead8d33aae align-left\"><div class=\"assistive-text\">You are here:<\/div><ol class=\"breadcrumbs text-small\" itemscope itemtype=\"https:\/\/schema.org\/BreadcrumbList\"><li itemprop=\"itemListElement\" itemscope itemtype=\"https:\/\/schema.org\/ListItem\"><a itemprop=\"item\" href=\"https:\/\/axel-one.com\/en\/\" title=\"Home\"><span itemprop=\"name\">Home<\/span><\/a><meta itemprop=\"position\" content=\"1\" \/><\/li><li class=\"current\" itemprop=\"itemListElement\" itemscope itemtype=\"https:\/\/schema.org\/ListItem\"><span itemprop=\"name\">Page<\/span><meta itemprop=\"position\" content=\"2\" \/><\/li><\/ol><\/div><div id=\"ultimate-heading-634769dc6bcb93303\" class=\"uvc-heading ult-adjust-bottom-margin ultimate-heading-634769dc6bcb93303 uvc-9782 titre-page\" data-hspacer=\"no_spacer\"  data-halign=\"center\" style=\"text-align:center\"><div class=\"uvc-heading-spacer no_spacer\" style=\"top\"><\/div><div class=\"uvc-main-heading ult-responsive\"  data-ultimate-target='.uvc-heading.ultimate-heading-634769dc6bcb93303 h1'  data-responsive-json-new='{\"font-size\":\"desktop:40px;\",\"line-height\":\"\"}' ><h1 style=\"font-family:&#039;Poppins&#039;;font-weight:200;color:#2f283a;\">Legal information<\/h1><\/div><\/div>[\/vc_column][\/vc_row][vc_row][vc_column][vc_column_text]<\/p>\n<h2 class=\"font_7\"><span class=\"color_12\">LEGAL INFORMATION<br \/>\n<\/span><\/h2>\n<h3 class=\"font_7\"><span class=\"color_12\">Statutes<\/span><\/h3>\n<p class=\"font_7\"><span class=\"color_12\">Axel\u2019One | Rond-point de l&#8217;\u00e9changeur | Les Lev\u00e9es | 69360 Solaize &#8211; FRANCE | Tel. +33 (0)4 28 27 03 40<\/span><\/p>\n<p>French non-profit organization (Association Loi 1901)<\/p>\n<p class=\"font_7\"><span class=\"color_12\"><strong>N\u00b0 SIRET :<\/strong> 533 461 091 00019 | Code APE : 9499Z | Intra-Community VAT : FR73533461091<\/span><\/p>\n<h3 class=\"font_7\"><span class=\"wixGuard\">\u200b<\/span><span class=\"color_12\">Property<\/span><\/h3>\n<p>This website is the exclusive property of Axel&#8217;One. Any reproduction, even partial, of this site is strictly forbidden.<\/p>\n<p class=\"font_8\"><span class=\"color_12\"><strong>Director of publication:<\/strong> Didier Bonnet<\/span><\/p>\n<p class=\"font_7\"><span class=\"color_12\"><strong>Webite designed and directed by the agency Comete:<\/strong> <a title=\"Com\u00e8te, Agence de communication Lyon\" href=\"https:\/\/goo.gl\/maps\/ViKt0\" target=\"_blank\" rel=\"noopener noreferrer\">37 avenue G\u00e9n\u00e9ral de Gaulle<\/a> &#8211; 69300 Caluire-et-Cuire &#8211; FRANCE\u00a0 | Tel: +33 4 78 39 56 13<\/span><\/p>\n<p class=\"font_7\"><span class=\"color_12\"><strong>Website hosted by par <\/strong><strong>OVH :<\/strong> 2 rue Kellermann | 59100 Roubaix &#8211; FRANCE<br \/>\n<\/span><\/p>\n<h3 class=\"font_8\"><span class=\"color_12\">Photos Credits<br \/>\n<\/span><\/h3>\n<p class=\"font_8\"><span class=\"color_12\"><strong>\u00a9 Photos Credits: <\/strong><\/span>Avantium, Axel\u2019One, CBXS, CNRS, Eric Le Roux\/Universit\u00e9 Lyon 1, Fotolia, M\u00e9tropole de Lyon, Sogelym ing\u00e9nierie\/amplitudes architectes, IFP Energies nouvelles, St\u00e9phane Audras, Studio Erick Saillet, Shutterstock<\/p>\n<p class=\"font_8\"><span class=\"color_12\"><span class=\"wixGuard\">\u200b<\/span><\/span><\/p>\n<p>[\/vc_column_text][vc_column_text]<\/p>\n<h2>Privacy Policy<\/h2>\n<p>In general, you are not required to provide us with your personal data when you visit our website <span class=\"color_12\"><a href=\"\/en\" target=\"_blank\" rel=\"noopener undefined noreferrer\" data-content=\"https:\/\/axel-one.com\" data-type=\"external\">www.axel-one.com<\/a><\/span><\/p>\n<h3 class=\"font_8\"><span class=\"color_12\">Policy<\/span><\/h3>\n<p>Axel&#8217;One is committed to preserving the confidentiality of personal information provided online by the Internet user. The information collected is from the user&#8217;s voluntary registration of their e-mail address and contact details. This information is subject to computer processing for sending out newsletters.<\/p>\n<p>The recipient of this data is Axel&#8217;One. In accordance with the amended Information Technology and liberties law of January 6, 1978, you have the right to access, rectify, delete and oppose the processing of your data. You can exercise this right by writing to us by mail or by contacting us at<span class=\"color_12\">\u00a0<a href=\"mailto:info@axel-one.com\" target=\"_self\" rel=\"noopener noreferrer\" data-content=\"info@axel-one.com\" data-type=\"mail\">info@axel-one.com<\/a>.<\/span><\/p>\n<h3 class=\"font_8\"><span class=\"color_12\">Autorization of Cookies<\/span><\/h3>\n<p>When browsing our site, information about your browsing is likely to be recorded in &#8220;cookie&#8221; files that are stored in browsers, through websites to give visitors an experience of optimal navigation.<\/p>\n<p>Cookies are divided into two categories:<span class=\"wixGuard\">\u200b<\/span><\/p>\n<p>&nbsp;<\/p>\n<p>\u2013 Essential and strictly necessary cookies:<\/p>\n<p>These are the cookies that are essential to the proper functioning of the site and strictly necessary for the provision of a service that you have expressly requested. These indispensable cookies help memorize from one page to the other the information that you communicate to us during your browsing, for example your language of use.<\/p>\n<p>&nbsp;<\/p>\n<p>\u2013 Site Audience Analysis Cookies:<\/p>\n<p>They establish anonymous statistics of the use of the pages of our site in order to improve ergonomics and content. This data is not personalized. Axel&#8217;One cannot identify who specifically visits the site.[\/vc_column_text][\/vc_column][\/vc_row]<\/p>\n<\/div>","protected":false},"excerpt":{"rendered":"<p>[vc_row el_class=&#8221;debut-page&#8221;][vc_column][\/vc_column][\/vc_row][vc_row][vc_column][vc_column_text] LEGAL INFORMATION Statutes Axel\u2019One | Rond-point de l&#8217;\u00e9changeur&hellip;<\/p>\n","protected":false},"author":1,"featured_media":0,"parent":0,"menu_order":0,"comment_status":"closed","ping_status":"open","template":"","meta":{"_acf_changed":false,"footnotes":""},"acf":[],"yoast_head":"<!-- This site is optimized with the Yoast SEO plugin v23.6 - https:\/\/yoast.com\/wordpress\/plugins\/seo\/ -->\n<title>Legal information | Axel&#039;One<\/title>\n<meta name=\"robots\" content=\"index, follow, max-snippet:-1, max-image-preview:large, max-video-preview:-1\" \/>\n<link rel=\"canonical\" href=\"https:\/\/axel-one.com\/mentions-legales\/\" \/>\n<meta property=\"og:locale\" content=\"en_US\" \/>\n<meta property=\"og:type\" content=\"article\" \/>\n<meta property=\"og:title\" content=\"Legal information | Axel&#039;One\" \/>\n<meta property=\"og:description\" content=\"[vc_row el_class=&#8221;debut-page&#8221;][vc_column][\/vc_column][\/vc_row][vc_row][vc_column][vc_column_text] LEGAL INFORMATION Statutes Axel\u2019One | Rond-point de l&#8217;\u00e9changeur&hellip;\" \/>\n<meta property=\"og:url\" content=\"https:\/\/axel-one.com\/mentions-legales\/\" \/>\n<meta property=\"og:site_name\" content=\"Axel&#039;One\" \/>\n<meta property=\"article:modified_time\" content=\"2019-11-04T09:00:47+00:00\" \/>\n<meta name=\"twitter:card\" content=\"summary_large_image\" \/>\n<meta name=\"twitter:label1\" content=\"Est. reading time\" \/>\n\t<meta name=\"twitter:data1\" content=\"2 minutes\" \/>\n<script type=\"application\/ld+json\" class=\"yoast-schema-graph\">{\"@context\":\"https:\/\/schema.org\",\"@graph\":[{\"@type\":\"WebPage\",\"@id\":\"https:\/\/axel-one.com\/mentions-legales\/\",\"url\":\"https:\/\/axel-one.com\/mentions-legales\/\",\"name\":\"Legal information | Axel&#039;One\",\"isPartOf\":{\"@id\":\"https:\/\/axel-one.com\/#website\"},\"datePublished\":\"2019-02-13T10:40:29+00:00\",\"dateModified\":\"2019-11-04T09:00:47+00:00\",\"breadcrumb\":{\"@id\":\"https:\/\/axel-one.com\/mentions-legales\/#breadcrumb\"},\"inLanguage\":\"en-US\",\"potentialAction\":[{\"@type\":\"ReadAction\",\"target\":[\"https:\/\/axel-one.com\/mentions-legales\/\"]}]},{\"@type\":\"BreadcrumbList\",\"@id\":\"https:\/\/axel-one.com\/mentions-legales\/#breadcrumb\",\"itemListElement\":[{\"@type\":\"ListItem\",\"position\":1,\"name\":\"Accueil\",\"item\":\"https:\/\/axel-one.com\/en\/\"},{\"@type\":\"ListItem\",\"position\":2,\"name\":\"Legal information\"}]},{\"@type\":\"WebSite\",\"@id\":\"https:\/\/axel-one.com\/#website\",\"url\":\"https:\/\/axel-one.com\/\",\"name\":\"Axel'One\",\"description\":\"Axel\u2019One est une association loi 1901 cr\u00e9\u00e9e en juin 2011\",\"publisher\":{\"@id\":\"https:\/\/axel-one.com\/#organization\"},\"potentialAction\":[{\"@type\":\"SearchAction\",\"target\":{\"@type\":\"EntryPoint\",\"urlTemplate\":\"https:\/\/axel-one.com\/?s={search_term_string}\"},\"query-input\":{\"@type\":\"PropertyValueSpecification\",\"valueRequired\":true,\"valueName\":\"search_term_string\"}}],\"inLanguage\":\"en-US\"},{\"@type\":\"Organization\",\"@id\":\"https:\/\/axel-one.com\/#organization\",\"name\":\"Axel'One\",\"url\":\"https:\/\/axel-one.com\/\",\"logo\":{\"@type\":\"ImageObject\",\"inLanguage\":\"en-US\",\"@id\":\"https:\/\/axel-one.com\/#\/schema\/logo\/image\/\",\"url\":\"https:\/\/axel-one.com\/wp-content\/uploads\/2023\/09\/logo-axel-one-RVB-PNG.png\",\"contentUrl\":\"https:\/\/axel-one.com\/wp-content\/uploads\/2023\/09\/logo-axel-one-RVB-PNG.png\",\"width\":1670,\"height\":1107,\"caption\":\"Axel'One\"},\"image\":{\"@id\":\"https:\/\/axel-one.com\/#\/schema\/logo\/image\/\"},\"sameAs\":[\"https:\/\/www.linkedin.com\/company\/axel'one\"]}]}<\/script>\n<!-- \/ Yoast SEO plugin. -->","yoast_head_json":{"title":"Legal information | Axel&#039;One","robots":{"index":"index","follow":"follow","max-snippet":"max-snippet:-1","max-image-preview":"max-image-preview:large","max-video-preview":"max-video-preview:-1"},"canonical":"https:\/\/axel-one.com\/mentions-legales\/","og_locale":"en_US","og_type":"article","og_title":"Legal information | Axel&#039;One","og_description":"[vc_row el_class=&#8221;debut-page&#8221;][vc_column][\/vc_column][\/vc_row][vc_row][vc_column][vc_column_text] LEGAL INFORMATION Statutes Axel\u2019One | Rond-point de l&#8217;\u00e9changeur&hellip;","og_url":"https:\/\/axel-one.com\/mentions-legales\/","og_site_name":"Axel&#039;One","article_modified_time":"2019-11-04T09:00:47+00:00","twitter_card":"summary_large_image","twitter_misc":{"Est. reading time":"2 minutes"},"schema":{"@context":"https:\/\/schema.org","@graph":[{"@type":"WebPage","@id":"https:\/\/axel-one.com\/mentions-legales\/","url":"https:\/\/axel-one.com\/mentions-legales\/","name":"Legal information | Axel&#039;One","isPartOf":{"@id":"https:\/\/axel-one.com\/#website"},"datePublished":"2019-02-13T10:40:29+00:00","dateModified":"2019-11-04T09:00:47+00:00","breadcrumb":{"@id":"https:\/\/axel-one.com\/mentions-legales\/#breadcrumb"},"inLanguage":"en-US","potentialAction":[{"@type":"ReadAction","target":["https:\/\/axel-one.com\/mentions-legales\/"]}]},{"@type":"BreadcrumbList","@id":"https:\/\/axel-one.com\/mentions-legales\/#breadcrumb","itemListElement":[{"@type":"ListItem","position":1,"name":"Accueil","item":"https:\/\/axel-one.com\/en\/"},{"@type":"ListItem","position":2,"name":"Legal information"}]},{"@type":"WebSite","@id":"https:\/\/axel-one.com\/#website","url":"https:\/\/axel-one.com\/","name":"Axel'One","description":"Axel\u2019One est une association loi 1901 cr\u00e9\u00e9e en juin 2011","publisher":{"@id":"https:\/\/axel-one.com\/#organization"},"potentialAction":[{"@type":"SearchAction","target":{"@type":"EntryPoint","urlTemplate":"https:\/\/axel-one.com\/?s={search_term_string}"},"query-input":{"@type":"PropertyValueSpecification","valueRequired":true,"valueName":"search_term_string"}}],"inLanguage":"en-US"},{"@type":"Organization","@id":"https:\/\/axel-one.com\/#organization","name":"Axel'One","url":"https:\/\/axel-one.com\/","logo":{"@type":"ImageObject","inLanguage":"en-US","@id":"https:\/\/axel-one.com\/#\/schema\/logo\/image\/","url":"https:\/\/axel-one.com\/wp-content\/uploads\/2023\/09\/logo-axel-one-RVB-PNG.png","contentUrl":"https:\/\/axel-one.com\/wp-content\/uploads\/2023\/09\/logo-axel-one-RVB-PNG.png","width":1670,"height":1107,"caption":"Axel'One"},"image":{"@id":"https:\/\/axel-one.com\/#\/schema\/logo\/image\/"},"sameAs":["https:\/\/www.linkedin.com\/company\/axel'one"]}]}},"_links":{"self":[{"href":"https:\/\/axel-one.com\/en\/wp-json\/wp\/v2\/pages\/1977"}],"collection":[{"href":"https:\/\/axel-one.com\/en\/wp-json\/wp\/v2\/pages"}],"about":[{"href":"https:\/\/axel-one.com\/en\/wp-json\/wp\/v2\/types\/page"}],"author":[{"embeddable":true,"href":"https:\/\/axel-one.com\/en\/wp-json\/wp\/v2\/users\/1"}],"replies":[{"embeddable":true,"href":"https:\/\/axel-one.com\/en\/wp-json\/wp\/v2\/comments?post=1977"}],"version-history":[{"count":8,"href":"https:\/\/axel-one.com\/en\/wp-json\/wp\/v2\/pages\/1977\/revisions"}],"predecessor-version":[{"id":4860,"href":"https:\/\/axel-one.com\/en\/wp-json\/wp\/v2\/pages\/1977\/revisions\/4860"}],"wp:attachment":[{"href":"https:\/\/axel-one.com\/en\/wp-json\/wp\/v2\/media?parent=1977"}],"curies":[{"name":"wp","href":"https:\/\/api.w.org\/{rel}","templated":true}]}}