{"id":2381,"date":"2019-01-17T14:55:37","date_gmt":"2019-01-17T13:55:37","guid":{"rendered":"https:\/\/axel-one.com\/l-offre-de-services-2\/hebergement\/"},"modified":"2019-04-03T17:12:36","modified_gmt":"2019-04-03T15:12:36","slug":"hosting","status":"publish","type":"page","link":"https:\/\/axel-one.com\/en\/service-offering\/hosting\/","title":{"rendered":"Hosting"},"content":{"rendered":"<div class=\"wpb-content-wrapper\"><p>[vc_row el_class=&#8221;debut-page&#8221;][vc_column]<style type=\"text\/css\" data-type=\"the7_shortcodes-inline-css\">.dt-breadcrumbs-id-7372d308c153a0faceb544ead8d33aae .breadcrumbs {\n  display: inline-block;\n  margin: 0;\n  padding: 2px 10px 2px 10px;\n  border: 0px solid ;\n  border-radius: 0px;\n}\n.dt-breadcrumbs-id-7372d308c153a0faceb544ead8d33aae .breadcrumbs * {\n  font-size: 10px;\n  line-height: 15px;\n  color: #909090;\n}\n<\/style><div class=\"dt-breadcrumbs-shortcode dt-breadcrumbs-id-7372d308c153a0faceb544ead8d33aae align-left\"><div class=\"assistive-text\">You are here:<\/div><ol class=\"breadcrumbs text-small\" itemscope itemtype=\"https:\/\/schema.org\/BreadcrumbList\"><li itemprop=\"itemListElement\" itemscope itemtype=\"https:\/\/schema.org\/ListItem\"><a itemprop=\"item\" href=\"https:\/\/axel-one.com\/en\/\" title=\"Home\"><span itemprop=\"name\">Home<\/span><\/a><meta itemprop=\"position\" content=\"1\" \/><\/li><li class=\"current\" itemprop=\"itemListElement\" itemscope itemtype=\"https:\/\/schema.org\/ListItem\"><span itemprop=\"name\">Page<\/span><meta itemprop=\"position\" content=\"2\" \/><\/li><\/ol><\/div><div id=\"ultimate-heading-122569dc6bd181920\" class=\"uvc-heading ult-adjust-bottom-margin ultimate-heading-122569dc6bd181920 uvc-5240 titre-page\" data-hspacer=\"no_spacer\"  data-halign=\"center\" style=\"text-align:center\"><div class=\"uvc-heading-spacer no_spacer\" style=\"top\"><\/div><div class=\"uvc-main-heading ult-responsive\"  data-ultimate-target='.uvc-heading.ultimate-heading-122569dc6bd181920 h1'  data-responsive-json-new='{\"font-size\":\"desktop:40px;\",\"line-height\":\"\"}' ><h1 style=\"font-family:&#039;Poppins&#039;;font-weight:200;color:#2f283a;\">Hosting<\/h1><\/div><\/div>[\/vc_column][\/vc_row][vc_row gap=&#8221;35&#8243;][vc_column css=&#8221;.vc_custom_1547736474875{padding-right: 25px !important;padding-left: 25px !important;}&#8221;]<div id=\"ultimate-heading-383569dc6bd181973\" class=\"uvc-heading ult-adjust-bottom-margin ultimate-heading-383569dc6bd181973 uvc-7683 \" data-hspacer=\"no_spacer\"  data-halign=\"left\" style=\"text-align:left\"><div class=\"uvc-heading-spacer no_spacer\" style=\"top\"><\/div><div class=\"uvc-main-heading ult-responsive\"  data-ultimate-target='.uvc-heading.ultimate-heading-383569dc6bd181973 h2'  data-responsive-json-new='{\"font-size\":\"desktop:30px;\",\"line-height\":\"\"}' ><h2 style=\"font-family:&#039;Poppins&#039;;font-weight:700;color:#8cc53d;\">SUITABLE PREMISES<\/h2><\/div><div class=\"uvc-sub-heading ult-responsive\"  data-ultimate-target='.uvc-heading.ultimate-heading-383569dc6bd181973 .uvc-sub-heading '  data-responsive-json-new='{\"font-size\":\"desktop:30px;\",\"line-height\":\"\"}'  style=\"font-weight:normal;margin-bottom:20px;\">FOR R&amp;D PROJECTS<\/div><\/div>[vc_column_text]<strong>Because it is better for growing companies to invest in business initiatives rather than expensive premises, Axel&#8217;One offers work spaces adapted to the chemistry industry:<\/strong><\/p>\n<p><strong>\u00a0<\/strong>[\/vc_column_text][\/vc_column][\/vc_row][vc_row content_placement=&#8221;middle&#8221;][vc_column width=&#8221;1\/2&#8243;][vc_column_text]<\/p>\n<h3 style=\"text-align: right;\"><span style=\"color: #8dc63d;\">Laboratories<\/span><\/h3>\n<p style=\"text-align: right;\">With over 21,000 ft<sup>2<\/sup> of laboratories, the 3 Axel&#8217;One sites can meet the different needs involved in the development of new processes and innovative materials. The labs are arranged according to clients\u2019 needs and can be supplied with fluids such as: compressed air, nitrogen and water. Different sized units are available ranging from 160 ft<sup>2 <\/sup>to 1,300 ft<sup>2<\/sup>.<\/p>\n<p>[\/vc_column_text][\/vc_column][vc_column width=&#8221;1\/2&#8243;][vc_single_image image=&#8221;1442&#8243; img_size=&#8221;full&#8221; alignment=&#8221;center&#8221; css_animation=&#8221;fadeInRight&#8221;][\/vc_column][\/vc_row][vc_row equal_height=&#8221;yes&#8221; content_placement=&#8221;middle&#8221; el_class=&#8221;img-gauche&#8221;][vc_column width=&#8221;1\/2&#8243; el_class=&#8221;droite&#8221;][vc_column_text]<\/p>\n<h3 style=\"text-align: left;\"><span style=\"color: #8dc63d;\">Technology Hall<\/span><\/h3>\n<p style=\"text-align: left;\">On Axel&#8217;One PMI, the technological hall with a surface area of 13,000 ft<sup>2<\/sup>, brings R&amp;D leaders together, to work in 500 ft<sup>2<\/sup> or 1,600 ft<sup>2<\/sup> units. On the Axel&#8217;One PPI site, a 4,300 ft<sup>2 <\/sup>technology hall, measuring 26 ft in height enables teams to work safely in explosive atmospheres.<\/p>\n<p>[\/vc_column_text][\/vc_column][vc_column width=&#8221;1\/2&#8243; el_class=&#8221;gauche&#8221;][vc_single_image image=&#8221;1441&#8243; img_size=&#8221;full&#8221; alignment=&#8221;center&#8221; css_animation=&#8221;fadeInLeft&#8221;][\/vc_column][\/vc_row][vc_row equal_height=&#8221;yes&#8221; content_placement=&#8221;middle&#8221;][vc_column width=&#8221;1\/2&#8243;][vc_column_text]<\/p>\n<h3 style=\"text-align: right;\"><span style=\"color: #8dc63d;\">Offices<\/span><\/h3>\n<p style=\"text-align: right;\">Available in addition to laboratories or technology halls, offices are also available on site. The offices are modular and can be adapted according to clients\u2019 needs.<\/p>\n<p>[\/vc_column_text][\/vc_column][vc_column width=&#8221;1\/2&#8243;][vc_single_image image=&#8221;1439&#8243; img_size=&#8221;full&#8221; alignment=&#8221;center&#8221; css_animation=&#8221;fadeInRight&#8221;][\/vc_column][\/vc_row][vc_row equal_height=&#8221;yes&#8221; content_placement=&#8221;middle&#8221; el_class=&#8221;img-gauche&#8221;][vc_column width=&#8221;1\/2&#8243; el_class=&#8221;droite&#8221;][vc_column_text]<\/p>\n<h3><span style=\"color: #8dc63d;\">Shared spaces<\/span><\/h3>\n<p>All Axel&#8217;One sites have rooms for meetings and events where people can meet and exchange ideas. The\u00a0 Axel&#8217;One PPI and Axel&#8217;One PMI sites also have an on-site store, managed by an external provider. All 3 sites also benefit from nearby company or university restaurants.[\/vc_column_text][\/vc_column][vc_column width=&#8221;1\/2&#8243; el_class=&#8221;gauche&#8221;][vc_single_image image=&#8221;1440&#8243; img_size=&#8221;full&#8221; alignment=&#8221;center&#8221; css_animation=&#8221;fadeInLeft&#8221;][\/vc_column][\/vc_row][vc_row][vc_column css=&#8221;.vc_custom_1549360488478{padding-top: 4% !important;}&#8221;][vc_column_text css=&#8221;.vc_custom_1553092593955{margin-bottom: 0px !important;border-bottom-width: 0px !important;padding-bottom: 0px !important;}&#8221;]<\/p>\n<p style=\"text-align: center;\"><strong>The Axel&#8217;One team will assist you daily respecting the confidentiality of your projects in the following areas:<\/strong><\/p>\n<p style=\"text-align: center;\">Health and Safety Management<br \/>\nLogistics and Facility Maintenance<br \/>\nComputer Systems Management<br \/>\nSupport for the setting-up of laboratories and test projects<\/p>\n<p>[\/vc_column_text]<div class=\" vc_custom_1553092613459 ubtn-ctn-center \"><a class=\"ubtn-link ult-adjust-bottom-margin ubtn-center ubtn-normal \" href=\"\/en\/contact\/\" title=\"CONTACT\" ><button type=\"button\" id=\"ubtn-1913\"  class=\"ubtn ult-adjust-bottom-margin ult-responsive ubtn-normal ubtn-fade-bg  none  ubtn-center   tooltip-69dc6bd1819b8\"  data-hover=\"#ffffff\" data-border-color=\"\" data-bg=\"#8dc63d\" data-hover-bg=\"#2f283a\" data-border-hover=\"\" data-shadow-hover=\"\" data-shadow-click=\"none\" data-shadow=\"\" data-shd-shadow=\"\"  data-ultimate-target='#ubtn-1913'  data-responsive-json-new='{\"font-size\":\"\",\"line-height\":\"\"}'  style=\"font-weight:normal;border-radius:50px;border-width:0px;border-color:;border-style:solid;background: #8dc63d;color: #ffffff;\"><span class=\"ubtn-hover\" style=\"background-color:#2f283a\"><\/span><span class=\"ubtn-data ubtn-text \" >For any requests you may have, please feel free to contact us<\/span><\/button><\/a><\/div>[\/vc_column][\/vc_row][vc_row full_width=&#8221;stretch_row_content_no_spaces&#8221; content_placement=&#8221;middle&#8221;][vc_column css=&#8221;.vc_custom_1543917984511{margin-bottom: 0px !important;padding-top: 5% !important;padding-bottom: 0px !important;}&#8221;][\/vc_column][\/vc_row][vc_row full_width=&#8221;stretch_row&#8221; css=&#8221;.vc_custom_1550135570254{margin-bottom: 0px !important;padding-bottom: 0px !important;background-color: #eeedef !important;}&#8221; el_class=&#8221;sites-interaction&#8221;][vc_column]<div id=\"ultimate-heading-857369dc6bd181a03\" class=\"uvc-heading ult-adjust-bottom-margin ultimate-heading-857369dc6bd181a03 uvc-62 \" data-hspacer=\"no_spacer\"  data-halign=\"center\" style=\"text-align:center\"><div class=\"uvc-heading-spacer no_spacer\" style=\"top\"><\/div><div class=\"uvc-main-heading ult-responsive\"  data-ultimate-target='.uvc-heading.ultimate-heading-857369dc6bd181a03 h2'  data-responsive-json-new='{\"font-size\":\"desktop:30px;\",\"line-height\":\"\"}' ><h2 style=\"font-family:&#039;Poppins&#039;;font-weight:700;color:#2eb5ba;\">3 COLLABORATIVE SITES<\/h2><\/div><div class=\"uvc-sub-heading ult-responsive\"  data-ultimate-target='.uvc-heading.ultimate-heading-857369dc6bd181a03 .uvc-sub-heading '  data-responsive-json-new='{\"font-size\":\"desktop:30px;\",\"line-height\":\"\"}'  style=\"font-weight:normal;margin-bottom:20px;\">IN THE LYON REGION<\/div><\/div>[vc_row_inner][vc_column_inner width=&#8221;1\/3&#8243;][vc_single_image image=&#8221;4385&#8243; img_size=&#8221;full&#8221; alignment=&#8221;center&#8221; el_class=&#8221;sites-top ombreBox&#8221;][vc_column_text css=&#8221;.vc_custom_1554213365332{padding-top: 30px !important;padding-right: 25px !important;padding-bottom: 30px !important;padding-left: 25px !important;background: #ffffff url(https:\/\/axel-one.com\/wp-content\/uploads\/2018\/12\/axel-one-campus-fleche.png?id=70) !important;background-position: 0 0 !important;background-repeat: no-repeat !important;}&#8221; el_class=&#8221;sites-bottom ombreBox sites-recherche&#8221;]<a href=\"https:\/\/axel-one.com\/en\/service-offering\/hosting\/axelone-campus\/\"><img loading=\"lazy\" decoding=\"async\" class=\"logo-sites-bottom alignnone wp-image-2048 \" src=\"https:\/\/axel-one.com\/wp-content\/uploads\/2019\/02\/logo-campus-LyonTech-300x257.png\" alt=\"logo-campus-LyonTech\" width=\"126\" height=\"108\" srcset=\"https:\/\/axel-one.com\/wp-content\/uploads\/2019\/02\/logo-campus-LyonTech-300x257.png 300w, https:\/\/axel-one.com\/wp-content\/uploads\/2019\/02\/logo-campus-LyonTech.png 350w\" sizes=\"(max-width: 126px) 100vw, 126px\" \/><\/a><a href=\"https:\/\/axel-one.com\/en\/service-offering\/hosting\/axelone-campus\/\"><span class=\"txt-titre-sites sites-recherche\">Basic Research<br \/>\n<strong>INNOVATIVE MATERIALS AND PROCESSES<\/strong><\/span><\/a>[\/vc_column_text][\/vc_column_inner][vc_column_inner width=&#8221;1\/3&#8243;][vc_single_image image=&#8221;3612&#8243; img_size=&#8221;full&#8221; alignment=&#8221;center&#8221; el_class=&#8221;sites-top ombreBox&#8221;][vc_column_text css=&#8221;.vc_custom_1554213384676{padding-top: 30px !important;padding-right: 25px !important;padding-bottom: 30px !important;padding-left: 25px !important;background: #ffffff url(https:\/\/axel-one.com\/wp-content\/uploads\/2019\/01\/fleche-PMI-axelone.png?id=218) !important;background-position: 0 0 !important;background-repeat: no-repeat !important;}&#8221; el_class=&#8221;sites-bottom bloc-droite-50-premier ombreBox sites-recherche&#8221;]<a href=\"https:\/\/axel-one.com\/en\/service-offering\/hosting\/axelone-pmi\/\"><img loading=\"lazy\" decoding=\"async\" class=\"logo-sites-bottom alignnone wp-image-2050 \" src=\"https:\/\/axel-one.com\/wp-content\/uploads\/2019\/02\/logo-PMI-SaintFons-300x291.png\" alt=\"logo-PMI-SaintFons\" width=\"127\" height=\"123\" srcset=\"https:\/\/axel-one.com\/wp-content\/uploads\/2019\/02\/logo-PMI-SaintFons-300x291.png 300w, https:\/\/axel-one.com\/wp-content\/uploads\/2019\/02\/logo-PMI-SaintFons.png 325w\" sizes=\"(max-width: 127px) 100vw, 127px\" \/><\/a><a href=\"https:\/\/axel-one.com\/en\/service-offering\/hosting\/axelone-pmi\/\"><span class=\"txt-titre-sites sites-recherche\">Industrial development<br \/>\n<strong>INNOVATIVE MATERIALS<\/strong><\/span><\/a>[\/vc_column_text][\/vc_column_inner][vc_column_inner width=&#8221;1\/3&#8243;][vc_single_image image=&#8221;3608&#8243; img_size=&#8221;full&#8221; alignment=&#8221;center&#8221; el_class=&#8221;sites-top ombreBox&#8221;][vc_column_text css=&#8221;.vc_custom_1554213404244{padding-top: 30px !important;padding-right: 25px !important;padding-bottom: 30px !important;padding-left: 25px !important;background: #ffffff url(https:\/\/axel-one.com\/wp-content\/uploads\/2019\/01\/fleche-PPI-axel-one.png?id=219) !important;background-position: 0 0 !important;background-repeat: no-repeat !important;}&#8221; el_class=&#8221;sites-bottom ombreBox sites-recherche&#8221;]<a href=\"https:\/\/axel-one.com\/en\/service-offering\/hosting\/axelone-ppi\/\"><img loading=\"lazy\" decoding=\"async\" class=\"logo-sites-bottom alignnone wp-image-2052 \" src=\"https:\/\/axel-one.com\/wp-content\/uploads\/2019\/02\/logo-PPI-solaize-254x300.png\" alt=\"logo-PPI-solaize\" width=\"104\" height=\"123\" srcset=\"https:\/\/axel-one.com\/wp-content\/uploads\/2019\/02\/logo-PPI-solaize-254x300.png 254w, https:\/\/axel-one.com\/wp-content\/uploads\/2019\/02\/logo-PPI-solaize.png 300w\" sizes=\"(max-width: 104px) 100vw, 104px\" \/><\/a><a href=\"https:\/\/axel-one.com\/en\/service-offering\/hosting\/axelone-ppi\/\"><span class=\"txt-titre-sites sites-recherche\">Industrial developmentl<br \/>\n<strong>INNOVATIVE PROCESSES<\/strong> <\/span><\/a>[\/vc_column_text][\/vc_column_inner][\/vc_row_inner][\/vc_column][\/vc_row]<\/p>\n<\/div>","protected":false},"excerpt":{"rendered":"<p>[vc_row el_class=&#8221;debut-page&#8221;][vc_column][\/vc_column][\/vc_row][vc_row gap=&#8221;35&#8243;][vc_column css=&#8221;.vc_custom_1547736474875{padding-right: 25px !important;padding-left: 25px !important;}&#8221;][vc_column_text]Because it is&hellip;<\/p>\n","protected":false},"author":1,"featured_media":0,"parent":2351,"menu_order":0,"comment_status":"closed","ping_status":"closed","template":"","meta":{"_acf_changed":false,"footnotes":""},"acf":[],"yoast_head":"<!-- This site is optimized with the Yoast SEO plugin v23.6 - https:\/\/yoast.com\/wordpress\/plugins\/seo\/ -->\n<title>H\u00e9bergement adapt\u00e9s aux projets de R&amp;D | Axel&#039;One<\/title>\n<meta name=\"description\" content=\"Parce qu\u2019il vaut mieux investir dans son activit\u00e9 que dans des m\u00e8tres carr\u00e9s, Axel\u2019One propose des espaces adapt\u00e9s \u00e0 la chimie. LABORATOIRES, HALLE TECHNOLOGIQUE, BUREAUX, ESPACES PARTAG\u00c9S\" \/>\n<meta name=\"robots\" content=\"index, follow, max-snippet:-1, max-image-preview:large, max-video-preview:-1\" \/>\n<link rel=\"canonical\" href=\"https:\/\/axel-one.com\/en\/service-offering\/hosting\/\" \/>\n<meta property=\"og:locale\" content=\"en_US\" \/>\n<meta property=\"og:type\" content=\"article\" \/>\n<meta property=\"og:title\" content=\"H\u00e9bergement adapt\u00e9s aux projets de R&amp;D | Axel&#039;One\" \/>\n<meta property=\"og:description\" content=\"Parce qu\u2019il vaut mieux investir dans son activit\u00e9 que dans des m\u00e8tres carr\u00e9s, Axel\u2019One propose des espaces adapt\u00e9s \u00e0 la chimie. LABORATOIRES, HALLE TECHNOLOGIQUE, BUREAUX, ESPACES PARTAG\u00c9S\" \/>\n<meta property=\"og:url\" content=\"https:\/\/axel-one.com\/en\/service-offering\/hosting\/\" \/>\n<meta property=\"og:site_name\" content=\"Axel&#039;One\" \/>\n<meta property=\"article:modified_time\" content=\"2019-04-03T15:12:36+00:00\" \/>\n<meta property=\"og:image\" content=\"https:\/\/axel-one.com\/wp-content\/uploads\/2019\/02\/logo-campus-LyonTech-300x257.png\" \/>\n<meta name=\"twitter:card\" content=\"summary_large_image\" \/>\n<meta name=\"twitter:label1\" content=\"Est. reading time\" \/>\n\t<meta name=\"twitter:data1\" content=\"5 minutes\" \/>\n<script type=\"application\/ld+json\" class=\"yoast-schema-graph\">{\"@context\":\"https:\/\/schema.org\",\"@graph\":[{\"@type\":\"WebPage\",\"@id\":\"https:\/\/axel-one.com\/en\/service-offering\/hosting\/\",\"url\":\"https:\/\/axel-one.com\/en\/service-offering\/hosting\/\",\"name\":\"H\u00e9bergement adapt\u00e9s aux projets de R&D | Axel&#039;One\",\"isPartOf\":{\"@id\":\"https:\/\/axel-one.com\/#website\"},\"primaryImageOfPage\":{\"@id\":\"https:\/\/axel-one.com\/en\/service-offering\/hosting\/#primaryimage\"},\"image\":{\"@id\":\"https:\/\/axel-one.com\/en\/service-offering\/hosting\/#primaryimage\"},\"thumbnailUrl\":\"https:\/\/axel-one.com\/wp-content\/uploads\/2019\/02\/logo-campus-LyonTech-300x257.png\",\"datePublished\":\"2019-01-17T13:55:37+00:00\",\"dateModified\":\"2019-04-03T15:12:36+00:00\",\"description\":\"Parce qu\u2019il vaut mieux investir dans son activit\u00e9 que dans des m\u00e8tres carr\u00e9s, Axel\u2019One propose des espaces adapt\u00e9s \u00e0 la chimie. LABORATOIRES, HALLE TECHNOLOGIQUE, BUREAUX, ESPACES PARTAG\u00c9S\",\"breadcrumb\":{\"@id\":\"https:\/\/axel-one.com\/en\/service-offering\/hosting\/#breadcrumb\"},\"inLanguage\":\"en-US\",\"potentialAction\":[{\"@type\":\"ReadAction\",\"target\":[\"https:\/\/axel-one.com\/en\/service-offering\/hosting\/\"]}]},{\"@type\":\"ImageObject\",\"inLanguage\":\"en-US\",\"@id\":\"https:\/\/axel-one.com\/en\/service-offering\/hosting\/#primaryimage\",\"url\":\"https:\/\/axel-one.com\/wp-content\/uploads\/2019\/02\/logo-campus-LyonTech-300x257.png\",\"contentUrl\":\"https:\/\/axel-one.com\/wp-content\/uploads\/2019\/02\/logo-campus-LyonTech-300x257.png\"},{\"@type\":\"BreadcrumbList\",\"@id\":\"https:\/\/axel-one.com\/en\/service-offering\/hosting\/#breadcrumb\",\"itemListElement\":[{\"@type\":\"ListItem\",\"position\":1,\"name\":\"Accueil\",\"item\":\"https:\/\/axel-one.com\/en\/\"},{\"@type\":\"ListItem\",\"position\":2,\"name\":\"SERVICE OFFERING\",\"item\":\"https:\/\/axel-one.com\/en\/service-offering\/\"},{\"@type\":\"ListItem\",\"position\":3,\"name\":\"Hosting\"}]},{\"@type\":\"WebSite\",\"@id\":\"https:\/\/axel-one.com\/#website\",\"url\":\"https:\/\/axel-one.com\/\",\"name\":\"Axel'One\",\"description\":\"Axel\u2019One est une association loi 1901 cr\u00e9\u00e9e en juin 2011\",\"publisher\":{\"@id\":\"https:\/\/axel-one.com\/#organization\"},\"potentialAction\":[{\"@type\":\"SearchAction\",\"target\":{\"@type\":\"EntryPoint\",\"urlTemplate\":\"https:\/\/axel-one.com\/?s={search_term_string}\"},\"query-input\":{\"@type\":\"PropertyValueSpecification\",\"valueRequired\":true,\"valueName\":\"search_term_string\"}}],\"inLanguage\":\"en-US\"},{\"@type\":\"Organization\",\"@id\":\"https:\/\/axel-one.com\/#organization\",\"name\":\"Axel'One\",\"url\":\"https:\/\/axel-one.com\/\",\"logo\":{\"@type\":\"ImageObject\",\"inLanguage\":\"en-US\",\"@id\":\"https:\/\/axel-one.com\/#\/schema\/logo\/image\/\",\"url\":\"https:\/\/axel-one.com\/wp-content\/uploads\/2023\/09\/logo-axel-one-RVB-PNG.png\",\"contentUrl\":\"https:\/\/axel-one.com\/wp-content\/uploads\/2023\/09\/logo-axel-one-RVB-PNG.png\",\"width\":1670,\"height\":1107,\"caption\":\"Axel'One\"},\"image\":{\"@id\":\"https:\/\/axel-one.com\/#\/schema\/logo\/image\/\"},\"sameAs\":[\"https:\/\/www.linkedin.com\/company\/axel'one\"]}]}<\/script>\n<!-- \/ Yoast SEO plugin. -->","yoast_head_json":{"title":"H\u00e9bergement adapt\u00e9s aux projets de R&D | Axel&#039;One","description":"Parce qu\u2019il vaut mieux investir dans son activit\u00e9 que dans des m\u00e8tres carr\u00e9s, Axel\u2019One propose des espaces adapt\u00e9s \u00e0 la chimie. LABORATOIRES, HALLE TECHNOLOGIQUE, BUREAUX, ESPACES PARTAG\u00c9S","robots":{"index":"index","follow":"follow","max-snippet":"max-snippet:-1","max-image-preview":"max-image-preview:large","max-video-preview":"max-video-preview:-1"},"canonical":"https:\/\/axel-one.com\/en\/service-offering\/hosting\/","og_locale":"en_US","og_type":"article","og_title":"H\u00e9bergement adapt\u00e9s aux projets de R&D | Axel&#039;One","og_description":"Parce qu\u2019il vaut mieux investir dans son activit\u00e9 que dans des m\u00e8tres carr\u00e9s, Axel\u2019One propose des espaces adapt\u00e9s \u00e0 la chimie. LABORATOIRES, HALLE TECHNOLOGIQUE, BUREAUX, ESPACES PARTAG\u00c9S","og_url":"https:\/\/axel-one.com\/en\/service-offering\/hosting\/","og_site_name":"Axel&#039;One","article_modified_time":"2019-04-03T15:12:36+00:00","og_image":[{"url":"https:\/\/axel-one.com\/wp-content\/uploads\/2019\/02\/logo-campus-LyonTech-300x257.png"}],"twitter_card":"summary_large_image","twitter_misc":{"Est. reading time":"5 minutes"},"schema":{"@context":"https:\/\/schema.org","@graph":[{"@type":"WebPage","@id":"https:\/\/axel-one.com\/en\/service-offering\/hosting\/","url":"https:\/\/axel-one.com\/en\/service-offering\/hosting\/","name":"H\u00e9bergement adapt\u00e9s aux projets de R&D | Axel&#039;One","isPartOf":{"@id":"https:\/\/axel-one.com\/#website"},"primaryImageOfPage":{"@id":"https:\/\/axel-one.com\/en\/service-offering\/hosting\/#primaryimage"},"image":{"@id":"https:\/\/axel-one.com\/en\/service-offering\/hosting\/#primaryimage"},"thumbnailUrl":"https:\/\/axel-one.com\/wp-content\/uploads\/2019\/02\/logo-campus-LyonTech-300x257.png","datePublished":"2019-01-17T13:55:37+00:00","dateModified":"2019-04-03T15:12:36+00:00","description":"Parce qu\u2019il vaut mieux investir dans son activit\u00e9 que dans des m\u00e8tres carr\u00e9s, Axel\u2019One propose des espaces adapt\u00e9s \u00e0 la chimie. LABORATOIRES, HALLE TECHNOLOGIQUE, BUREAUX, ESPACES PARTAG\u00c9S","breadcrumb":{"@id":"https:\/\/axel-one.com\/en\/service-offering\/hosting\/#breadcrumb"},"inLanguage":"en-US","potentialAction":[{"@type":"ReadAction","target":["https:\/\/axel-one.com\/en\/service-offering\/hosting\/"]}]},{"@type":"ImageObject","inLanguage":"en-US","@id":"https:\/\/axel-one.com\/en\/service-offering\/hosting\/#primaryimage","url":"https:\/\/axel-one.com\/wp-content\/uploads\/2019\/02\/logo-campus-LyonTech-300x257.png","contentUrl":"https:\/\/axel-one.com\/wp-content\/uploads\/2019\/02\/logo-campus-LyonTech-300x257.png"},{"@type":"BreadcrumbList","@id":"https:\/\/axel-one.com\/en\/service-offering\/hosting\/#breadcrumb","itemListElement":[{"@type":"ListItem","position":1,"name":"Accueil","item":"https:\/\/axel-one.com\/en\/"},{"@type":"ListItem","position":2,"name":"SERVICE OFFERING","item":"https:\/\/axel-one.com\/en\/service-offering\/"},{"@type":"ListItem","position":3,"name":"Hosting"}]},{"@type":"WebSite","@id":"https:\/\/axel-one.com\/#website","url":"https:\/\/axel-one.com\/","name":"Axel'One","description":"Axel\u2019One est une association loi 1901 cr\u00e9\u00e9e en juin 2011","publisher":{"@id":"https:\/\/axel-one.com\/#organization"},"potentialAction":[{"@type":"SearchAction","target":{"@type":"EntryPoint","urlTemplate":"https:\/\/axel-one.com\/?s={search_term_string}"},"query-input":{"@type":"PropertyValueSpecification","valueRequired":true,"valueName":"search_term_string"}}],"inLanguage":"en-US"},{"@type":"Organization","@id":"https:\/\/axel-one.com\/#organization","name":"Axel'One","url":"https:\/\/axel-one.com\/","logo":{"@type":"ImageObject","inLanguage":"en-US","@id":"https:\/\/axel-one.com\/#\/schema\/logo\/image\/","url":"https:\/\/axel-one.com\/wp-content\/uploads\/2023\/09\/logo-axel-one-RVB-PNG.png","contentUrl":"https:\/\/axel-one.com\/wp-content\/uploads\/2023\/09\/logo-axel-one-RVB-PNG.png","width":1670,"height":1107,"caption":"Axel'One"},"image":{"@id":"https:\/\/axel-one.com\/#\/schema\/logo\/image\/"},"sameAs":["https:\/\/www.linkedin.com\/company\/axel'one"]}]}},"_links":{"self":[{"href":"https:\/\/axel-one.com\/en\/wp-json\/wp\/v2\/pages\/2381"}],"collection":[{"href":"https:\/\/axel-one.com\/en\/wp-json\/wp\/v2\/pages"}],"about":[{"href":"https:\/\/axel-one.com\/en\/wp-json\/wp\/v2\/types\/page"}],"author":[{"embeddable":true,"href":"https:\/\/axel-one.com\/en\/wp-json\/wp\/v2\/users\/1"}],"replies":[{"embeddable":true,"href":"https:\/\/axel-one.com\/en\/wp-json\/wp\/v2\/comments?post=2381"}],"version-history":[{"count":40,"href":"https:\/\/axel-one.com\/en\/wp-json\/wp\/v2\/pages\/2381\/revisions"}],"predecessor-version":[{"id":4387,"href":"https:\/\/axel-one.com\/en\/wp-json\/wp\/v2\/pages\/2381\/revisions\/4387"}],"up":[{"embeddable":true,"href":"https:\/\/axel-one.com\/en\/wp-json\/wp\/v2\/pages\/2351"}],"wp:attachment":[{"href":"https:\/\/axel-one.com\/en\/wp-json\/wp\/v2\/media?parent=2381"}],"curies":[{"name":"wp","href":"https:\/\/api.w.org\/{rel}","templated":true}]}}