{"id":2410,"date":"2019-02-26T15:14:00","date_gmt":"2019-02-26T14:14:00","guid":{"rendered":"https:\/\/axel-one.com\/les-projets\/"},"modified":"2023-02-22T13:35:49","modified_gmt":"2023-02-22T12:35:49","slug":"projects","status":"publish","type":"page","link":"https:\/\/axel-one.com\/en\/projects\/","title":{"rendered":"PROJECTS"},"content":{"rendered":"<div class=\"wpb-content-wrapper\"><p>[vc_row el_class=&#8221;debut-page&#8221;][vc_column]<style type=\"text\/css\" data-type=\"the7_shortcodes-inline-css\">.dt-breadcrumbs-id-7372d308c153a0faceb544ead8d33aae .breadcrumbs {\n  display: inline-block;\n  margin: 0;\n  padding: 2px 10px 2px 10px;\n  border: 0px solid ;\n  border-radius: 0px;\n}\n.dt-breadcrumbs-id-7372d308c153a0faceb544ead8d33aae .breadcrumbs * {\n  font-size: 10px;\n  line-height: 15px;\n  color: #909090;\n}\n<\/style><div class=\"dt-breadcrumbs-shortcode dt-breadcrumbs-id-7372d308c153a0faceb544ead8d33aae align-left\"><div class=\"assistive-text\">You are here:<\/div><ol class=\"breadcrumbs text-small\" itemscope itemtype=\"https:\/\/schema.org\/BreadcrumbList\"><li itemprop=\"itemListElement\" itemscope itemtype=\"https:\/\/schema.org\/ListItem\"><a itemprop=\"item\" href=\"https:\/\/axel-one.com\/en\/\" title=\"Home\"><span itemprop=\"name\">Home<\/span><\/a><meta itemprop=\"position\" content=\"1\" \/><\/li><li class=\"current\" itemprop=\"itemListElement\" itemscope itemtype=\"https:\/\/schema.org\/ListItem\"><span itemprop=\"name\">Page<\/span><meta itemprop=\"position\" content=\"2\" \/><\/li><\/ol><\/div><div id=\"ultimate-heading-869169dea9402ef18\" class=\"uvc-heading ult-adjust-bottom-margin ultimate-heading-869169dea9402ef18 uvc-7970 titre-page\" data-hspacer=\"no_spacer\"  data-halign=\"center\" style=\"text-align:center\"><div class=\"uvc-heading-spacer no_spacer\" style=\"top\"><\/div><div class=\"uvc-main-heading ult-responsive\"  data-ultimate-target='.uvc-heading.ultimate-heading-869169dea9402ef18 h1'  data-responsive-json-new='{\"font-size\":\"desktop:40px;\",\"line-height\":\"\"}' ><h1 style=\"font-family:&#039;Poppins&#039;;font-weight:200;color:#2f283a;\">PROJECTS<\/h1><\/div><\/div>[\/vc_column][\/vc_row][vc_row full_width=&#8221;stretch_row&#8221; css=&#8221;.vc_custom_1553781070892{background-color: #eeedef !important;}&#8221; el_id=&#8221;ongoingprojects&#8221;][vc_column]<div id=\"ultimate-heading-489069dea9402ef8e\" class=\"uvc-heading ult-adjust-bottom-margin ultimate-heading-489069dea9402ef8e uvc-5020 \" data-hspacer=\"no_spacer\"  data-halign=\"left\" style=\"text-align:left\"><div class=\"uvc-heading-spacer no_spacer\" style=\"top\"><\/div><div class=\"uvc-main-heading ult-responsive\"  data-ultimate-target='.uvc-heading.ultimate-heading-489069dea9402ef8e h2'  data-responsive-json-new='{\"font-size\":\"desktop:30px;\",\"line-height\":\"\"}' ><h2 style=\"font-family:&#039;Poppins&#039;;--font-weight:theme;color:#8cc53d;\">On-going projects<\/h2><\/div><\/div>[vc_column_text]Axel&#8217;One hosts collaborative projects bringing together academic stakeholders, large industrial groups and SMEs. They can benefit from European funding (Horizon Europe), French state funding (such as ANR, FUI, PSPC, ADEME, i-d\u00e9mo) and or from the Region and the Metropolis of Lyon. Some projects just use private (B2B) financing.<\/p>\n<p>The Competitiveness Divisions grant quality labels to the collaborative projects they have actively supported.<\/p>\n<p>Currently, about 40 collaborative projects are being developed, on the Axel&#8217;One site, working on 3 strategic points: processes and divided solids, advanced materials and Smart processes. The projects are based on the 3 Axel&#8217;One sites: Axel&#8217;One Campus, Axel&#8217;One PMI and Axel&#8217;One PPI.<\/p>\n<p>For reasons of confidentiality, the platform only communicates public information about collaborative projects with public funding. Some projects between laboratories and companies are also mentioned with the agreement of both parties.[\/vc_column_text][vc_basic_grid post_type=&#8221;les-projets&#8221; max_items=&#8221;-1&#8243; show_filter=&#8221;yes&#8221; element_width=&#8221;2&#8243; orderby=&#8221;title&#8221; order=&#8221;ASC&#8221; item=&#8221;1271&#8243; grid_id=&#8221;vc_gid:1677069263924-e0852d49-1abb-4&#8243; taxonomies=&#8221;69&#8243; filter_source=&#8221;categories-les-projets&#8221; css=&#8221;.vc_custom_1553614207709{padding-top: 2% !important;}&#8221; el_class=&#8221;grid-projets&#8221;][\/vc_column][\/vc_row][vc_row el_id=&#8221;completedprojects&#8221;][vc_column]<div id=\"ultimate-heading-751469dea9402efdd\" class=\"uvc-heading ult-adjust-bottom-margin ultimate-heading-751469dea9402efdd uvc-1156 \" data-hspacer=\"no_spacer\"  data-halign=\"left\" style=\"text-align:left\"><div class=\"uvc-heading-spacer no_spacer\" style=\"top\"><\/div><div class=\"uvc-main-heading ult-responsive\"  data-ultimate-target='.uvc-heading.ultimate-heading-751469dea9402efdd h2'  data-responsive-json-new='{\"font-size\":\"desktop:30px;\",\"line-height\":\"\"}' ><h2 style=\"font-family:&#039;Poppins&#039;;--font-weight:theme;color:#8cc53d;\">Completed projects<\/h2><\/div><\/div>[vc_column_text]A dozen collaborative projects have already been carried out on Axel&#8217;One since 2013. Further information on the results of the projects is available from the competitiveness clusters which have labelled these projects.[\/vc_column_text][vc_basic_grid post_type=&#8221;les-projets&#8221; max_items=&#8221;-1&#8243; style=&#8221;lazy&#8221; show_filter=&#8221;yes&#8221; element_width=&#8221;2&#8243; orderby=&#8221;title&#8221; order=&#8221;ASC&#8221; item=&#8221;1271&#8243; grid_id=&#8221;vc_gid:1677069263925-6b55316e-5238-9&#8243; taxonomies=&#8221;61&#8243; filter_source=&#8221;categories-les-projets&#8221; css=&#8221;.vc_custom_1553614442556{padding-top: 2% !important;}&#8221; el_class=&#8221;grid-projets&#8221;][\/vc_column][\/vc_row]<\/p>\n<\/div>","protected":false},"excerpt":{"rendered":"<p>[vc_row el_class=&#8221;debut-page&#8221;][vc_column][\/vc_column][\/vc_row][vc_row full_width=&#8221;stretch_row&#8221; css=&#8221;.vc_custom_1553781070892{background-color: #eeedef !important;}&#8221; el_id=&#8221;ongoingprojects&#8221;][vc_column][vc_column_text]Axel&#8217;One hosts collaborative projects&hellip;<\/p>\n","protected":false},"author":1,"featured_media":0,"parent":0,"menu_order":0,"comment_status":"closed","ping_status":"closed","template":"","meta":{"_acf_changed":false,"footnotes":""},"acf":[],"yoast_head":"<!-- This site is optimized with the Yoast SEO plugin v23.6 - https:\/\/yoast.com\/wordpress\/plugins\/seo\/ -->\n<title>COLLABORATIVE PROJECTS | Axel&#039;One<\/title>\n<meta name=\"description\" content=\"Axel\u2019One h\u00e9berge des projets collaboratifs rassemblant des acteurs acad\u00e9miques, des groupes industriels et des PME d\u00e9velopp\u00e9s autour des 3 axes strat\u00e9giques : la catalyse, les mat\u00e9riaux avanc\u00e9s et les Smart Process\" \/>\n<meta name=\"robots\" content=\"index, follow, max-snippet:-1, max-image-preview:large, max-video-preview:-1\" \/>\n<link rel=\"canonical\" href=\"https:\/\/axel-one.com\/en\/projects\/\" \/>\n<meta property=\"og:locale\" content=\"en_US\" \/>\n<meta property=\"og:type\" content=\"article\" \/>\n<meta property=\"og:title\" content=\"COLLABORATIVE PROJECTS | Axel&#039;One\" \/>\n<meta property=\"og:description\" content=\"Axel\u2019One h\u00e9berge des projets collaboratifs rassemblant des acteurs acad\u00e9miques, des groupes industriels et des PME d\u00e9velopp\u00e9s autour des 3 axes strat\u00e9giques : la catalyse, les mat\u00e9riaux avanc\u00e9s et les Smart Process\" \/>\n<meta property=\"og:url\" content=\"https:\/\/axel-one.com\/en\/projects\/\" \/>\n<meta property=\"og:site_name\" content=\"Axel&#039;One\" \/>\n<meta property=\"article:modified_time\" content=\"2023-02-22T12:35:49+00:00\" \/>\n<meta name=\"twitter:card\" content=\"summary_large_image\" \/>\n<meta name=\"twitter:label1\" content=\"Est. reading time\" \/>\n\t<meta name=\"twitter:data1\" content=\"2 minutes\" \/>\n<script type=\"application\/ld+json\" class=\"yoast-schema-graph\">{\"@context\":\"https:\/\/schema.org\",\"@graph\":[{\"@type\":\"WebPage\",\"@id\":\"https:\/\/axel-one.com\/en\/projects\/\",\"url\":\"https:\/\/axel-one.com\/en\/projects\/\",\"name\":\"COLLABORATIVE PROJECTS | Axel&#039;One\",\"isPartOf\":{\"@id\":\"https:\/\/axel-one.com\/#website\"},\"datePublished\":\"2019-02-26T14:14:00+00:00\",\"dateModified\":\"2023-02-22T12:35:49+00:00\",\"description\":\"Axel\u2019One h\u00e9berge des projets collaboratifs rassemblant des acteurs acad\u00e9miques, des groupes industriels et des PME d\u00e9velopp\u00e9s autour des 3 axes strat\u00e9giques : la catalyse, les mat\u00e9riaux avanc\u00e9s et les Smart Process\",\"breadcrumb\":{\"@id\":\"https:\/\/axel-one.com\/en\/projects\/#breadcrumb\"},\"inLanguage\":\"en-US\",\"potentialAction\":[{\"@type\":\"ReadAction\",\"target\":[\"https:\/\/axel-one.com\/en\/projects\/\"]}]},{\"@type\":\"BreadcrumbList\",\"@id\":\"https:\/\/axel-one.com\/en\/projects\/#breadcrumb\",\"itemListElement\":[{\"@type\":\"ListItem\",\"position\":1,\"name\":\"Accueil\",\"item\":\"https:\/\/axel-one.com\/en\/\"},{\"@type\":\"ListItem\",\"position\":2,\"name\":\"PROJECTS\"}]},{\"@type\":\"WebSite\",\"@id\":\"https:\/\/axel-one.com\/#website\",\"url\":\"https:\/\/axel-one.com\/\",\"name\":\"Axel'One\",\"description\":\"Axel\u2019One est une association loi 1901 cr\u00e9\u00e9e en juin 2011\",\"publisher\":{\"@id\":\"https:\/\/axel-one.com\/#organization\"},\"potentialAction\":[{\"@type\":\"SearchAction\",\"target\":{\"@type\":\"EntryPoint\",\"urlTemplate\":\"https:\/\/axel-one.com\/?s={search_term_string}\"},\"query-input\":{\"@type\":\"PropertyValueSpecification\",\"valueRequired\":true,\"valueName\":\"search_term_string\"}}],\"inLanguage\":\"en-US\"},{\"@type\":\"Organization\",\"@id\":\"https:\/\/axel-one.com\/#organization\",\"name\":\"Axel'One\",\"url\":\"https:\/\/axel-one.com\/\",\"logo\":{\"@type\":\"ImageObject\",\"inLanguage\":\"en-US\",\"@id\":\"https:\/\/axel-one.com\/#\/schema\/logo\/image\/\",\"url\":\"https:\/\/axel-one.com\/wp-content\/uploads\/2023\/09\/logo-axel-one-RVB-PNG.png\",\"contentUrl\":\"https:\/\/axel-one.com\/wp-content\/uploads\/2023\/09\/logo-axel-one-RVB-PNG.png\",\"width\":1670,\"height\":1107,\"caption\":\"Axel'One\"},\"image\":{\"@id\":\"https:\/\/axel-one.com\/#\/schema\/logo\/image\/\"},\"sameAs\":[\"https:\/\/www.linkedin.com\/company\/axel'one\"]}]}<\/script>\n<!-- \/ Yoast SEO plugin. -->","yoast_head_json":{"title":"COLLABORATIVE PROJECTS | Axel&#039;One","description":"Axel\u2019One h\u00e9berge des projets collaboratifs rassemblant des acteurs acad\u00e9miques, des groupes industriels et des PME d\u00e9velopp\u00e9s autour des 3 axes strat\u00e9giques : la catalyse, les mat\u00e9riaux avanc\u00e9s et les Smart Process","robots":{"index":"index","follow":"follow","max-snippet":"max-snippet:-1","max-image-preview":"max-image-preview:large","max-video-preview":"max-video-preview:-1"},"canonical":"https:\/\/axel-one.com\/en\/projects\/","og_locale":"en_US","og_type":"article","og_title":"COLLABORATIVE PROJECTS | Axel&#039;One","og_description":"Axel\u2019One h\u00e9berge des projets collaboratifs rassemblant des acteurs acad\u00e9miques, des groupes industriels et des PME d\u00e9velopp\u00e9s autour des 3 axes strat\u00e9giques : la catalyse, les mat\u00e9riaux avanc\u00e9s et les Smart Process","og_url":"https:\/\/axel-one.com\/en\/projects\/","og_site_name":"Axel&#039;One","article_modified_time":"2023-02-22T12:35:49+00:00","twitter_card":"summary_large_image","twitter_misc":{"Est. reading time":"2 minutes"},"schema":{"@context":"https:\/\/schema.org","@graph":[{"@type":"WebPage","@id":"https:\/\/axel-one.com\/en\/projects\/","url":"https:\/\/axel-one.com\/en\/projects\/","name":"COLLABORATIVE PROJECTS | Axel&#039;One","isPartOf":{"@id":"https:\/\/axel-one.com\/#website"},"datePublished":"2019-02-26T14:14:00+00:00","dateModified":"2023-02-22T12:35:49+00:00","description":"Axel\u2019One h\u00e9berge des projets collaboratifs rassemblant des acteurs acad\u00e9miques, des groupes industriels et des PME d\u00e9velopp\u00e9s autour des 3 axes strat\u00e9giques : la catalyse, les mat\u00e9riaux avanc\u00e9s et les Smart Process","breadcrumb":{"@id":"https:\/\/axel-one.com\/en\/projects\/#breadcrumb"},"inLanguage":"en-US","potentialAction":[{"@type":"ReadAction","target":["https:\/\/axel-one.com\/en\/projects\/"]}]},{"@type":"BreadcrumbList","@id":"https:\/\/axel-one.com\/en\/projects\/#breadcrumb","itemListElement":[{"@type":"ListItem","position":1,"name":"Accueil","item":"https:\/\/axel-one.com\/en\/"},{"@type":"ListItem","position":2,"name":"PROJECTS"}]},{"@type":"WebSite","@id":"https:\/\/axel-one.com\/#website","url":"https:\/\/axel-one.com\/","name":"Axel'One","description":"Axel\u2019One est une association loi 1901 cr\u00e9\u00e9e en juin 2011","publisher":{"@id":"https:\/\/axel-one.com\/#organization"},"potentialAction":[{"@type":"SearchAction","target":{"@type":"EntryPoint","urlTemplate":"https:\/\/axel-one.com\/?s={search_term_string}"},"query-input":{"@type":"PropertyValueSpecification","valueRequired":true,"valueName":"search_term_string"}}],"inLanguage":"en-US"},{"@type":"Organization","@id":"https:\/\/axel-one.com\/#organization","name":"Axel'One","url":"https:\/\/axel-one.com\/","logo":{"@type":"ImageObject","inLanguage":"en-US","@id":"https:\/\/axel-one.com\/#\/schema\/logo\/image\/","url":"https:\/\/axel-one.com\/wp-content\/uploads\/2023\/09\/logo-axel-one-RVB-PNG.png","contentUrl":"https:\/\/axel-one.com\/wp-content\/uploads\/2023\/09\/logo-axel-one-RVB-PNG.png","width":1670,"height":1107,"caption":"Axel'One"},"image":{"@id":"https:\/\/axel-one.com\/#\/schema\/logo\/image\/"},"sameAs":["https:\/\/www.linkedin.com\/company\/axel'one"]}]}},"_links":{"self":[{"href":"https:\/\/axel-one.com\/en\/wp-json\/wp\/v2\/pages\/2410"}],"collection":[{"href":"https:\/\/axel-one.com\/en\/wp-json\/wp\/v2\/pages"}],"about":[{"href":"https:\/\/axel-one.com\/en\/wp-json\/wp\/v2\/types\/page"}],"author":[{"embeddable":true,"href":"https:\/\/axel-one.com\/en\/wp-json\/wp\/v2\/users\/1"}],"replies":[{"embeddable":true,"href":"https:\/\/axel-one.com\/en\/wp-json\/wp\/v2\/comments?post=2410"}],"version-history":[{"count":9,"href":"https:\/\/axel-one.com\/en\/wp-json\/wp\/v2\/pages\/2410\/revisions"}],"predecessor-version":[{"id":5743,"href":"https:\/\/axel-one.com\/en\/wp-json\/wp\/v2\/pages\/2410\/revisions\/5743"}],"wp:attachment":[{"href":"https:\/\/axel-one.com\/en\/wp-json\/wp\/v2\/media?parent=2410"}],"curies":[{"name":"wp","href":"https:\/\/api.w.org\/{rel}","templated":true}]}}