{"id":2412,"date":"2018-11-28T15:42:41","date_gmt":"2018-11-28T14:42:41","guid":{"rendered":"https:\/\/axel-one.com\/les-technologies\/"},"modified":"2019-07-16T14:42:31","modified_gmt":"2019-07-16T12:42:31","slug":"technologies","status":"publish","type":"page","link":"https:\/\/axel-one.com\/en\/technologies\/","title":{"rendered":"TECHNOLOGIES"},"content":{"rendered":"<div class=\"wpb-content-wrapper\"><p>[vc_row el_class=&#8221;debut-page&#8221;][vc_column]<style type=\"text\/css\" data-type=\"the7_shortcodes-inline-css\">.dt-breadcrumbs-id-7372d308c153a0faceb544ead8d33aae .breadcrumbs {\n  display: inline-block;\n  margin: 0;\n  padding: 2px 10px 2px 10px;\n  border: 0px solid ;\n  border-radius: 0px;\n}\n.dt-breadcrumbs-id-7372d308c153a0faceb544ead8d33aae .breadcrumbs * {\n  font-size: 10px;\n  line-height: 15px;\n  color: #909090;\n}\n<\/style><div class=\"dt-breadcrumbs-shortcode dt-breadcrumbs-id-7372d308c153a0faceb544ead8d33aae align-left\"><div class=\"assistive-text\">You are here:<\/div><ol class=\"breadcrumbs text-small\" itemscope itemtype=\"https:\/\/schema.org\/BreadcrumbList\"><li itemprop=\"itemListElement\" itemscope itemtype=\"https:\/\/schema.org\/ListItem\"><a itemprop=\"item\" href=\"https:\/\/axel-one.com\/en\/\" title=\"Home\"><span itemprop=\"name\">Home<\/span><\/a><meta itemprop=\"position\" content=\"1\" \/><\/li><li class=\"current\" itemprop=\"itemListElement\" itemscope itemtype=\"https:\/\/schema.org\/ListItem\"><span itemprop=\"name\">Page<\/span><meta itemprop=\"position\" content=\"2\" \/><\/li><\/ol><\/div><div id=\"ultimate-heading-902569dc6c0fe2fbd\" class=\"uvc-heading ult-adjust-bottom-margin ultimate-heading-902569dc6c0fe2fbd uvc-5679 titre-page\" data-hspacer=\"no_spacer\"  data-halign=\"center\" style=\"text-align:center\"><div class=\"uvc-heading-spacer no_spacer\" style=\"top\"><\/div><div class=\"uvc-main-heading ult-responsive\"  data-ultimate-target='.uvc-heading.ultimate-heading-902569dc6c0fe2fbd h1'  data-responsive-json-new='{\"font-size\":\"desktop:40px;\",\"line-height\":\"\"}' ><h1 style=\"font-family:&#039;Poppins&#039;;font-weight:200;color:#2f283a;\">TECHNOLOGIES<\/h1><\/div><\/div>[\/vc_column][\/vc_row][vc_row][vc_column][vc_column_text el_class=&#8221;intro&#8221;]<\/p>\n<p style=\"text-align: center;\">The technologies developed on the platform are based around 3 main strategic areas: Catalysis, Advanced Materials and Smart Process. On each of these axes, Axel&#8217;One offers environmentally friendly test lines (shared tools, operators, expertise) accessible to all innovation projects. Some of these tools are unique in France or even at a European level.<\/p>\n<p>[\/vc_column_text][\/vc_column][\/vc_row][vc_row full_width=&#8221;stretch_row&#8221; bg_type=&#8221;grad&#8221; bg_override=&#8221;full&#8221; css=&#8221;.vc_custom_1543929562832{padding-top: 5% !important;padding-bottom: 5% !important;}&#8221; bg_grad=&#8221;background: url(data:image\/svg+xml;base64,PHN2ZyB4bWxucz0iaHR0cDovL3d3dy53My5vcmcvMjAwMC9zdmciPjxkZWZzPjxsaW5lYXJHcmFkaWVudCBpZD0iZ3JhZGllbnQiIHgxPSIwJSIgeTE9IjAlIiB4Mj0iMCUiIHkyPSIxMDAlIj48c3RvcCBvZmZzZXQ9IjAlIiBzdHlsZT0ic3RvcC1jb2xvcjojNDBCODhBOyIgLz48c3RvcCBvZmZzZXQ9IjEwMCUiIHN0eWxlPSJzdG9wLWNvbG9yOiM4OEM1NDI7IiAvPjwvbGluZWFyR3JhZGllbnQ+PC9kZWZzPjxyZWN0IGZpbGw9InVybCgjZ3JhZGllbnQpIiBoZWlnaHQ9IjEwMCUiIHdpZHRoPSIxMDAlIiAvPjwvc3ZnPg==);background: -webkit-gradient(linear, left top, left bottom, color-stop(0%, #40B88A), color-stop(100%, #88C542));background: -moz-linear-gradient(left,#40B88A 0%,#88C542 100%);background: -webkit-linear-gradient(left,#40B88A 0%,#88C542 100%);background: -o-linear-gradient(left,#40B88A 0%,#88C542 100%);background: -ms-linear-gradient(left,#40B88A 0%,#88C542 100%);background: linear-gradient(left,#40B88A 0%,#88C542 100%);&#8221;][vc_column]<div id=\"ultimate-heading-903569dc6c0fe3019\" class=\"uvc-heading ult-adjust-bottom-margin ultimate-heading-903569dc6c0fe3019 uvc-8777 titre1\" data-hspacer=\"no_spacer\"  data-halign=\"center\" style=\"text-align:center\"><div class=\"uvc-heading-spacer no_spacer\" style=\"top\"><\/div><div class=\"uvc-main-heading ult-responsive\"  data-ultimate-target='.uvc-heading.ultimate-heading-903569dc6c0fe3019 h2'  data-responsive-json-new='{\"font-size\":\"desktop:40px;\",\"line-height\":\"\"}' ><h2 style=\"font-family:&#039;Poppins&#039;;--font-weight:theme;color:#2f283a;\">DISCOVER THE TECHNOLOGIES<\/h2><\/div><div class=\"uvc-sub-heading ult-responsive\"  data-ultimate-target='.uvc-heading.ultimate-heading-903569dc6c0fe3019 .uvc-sub-heading '  data-responsive-json-new='{\"font-size\":\"desktop:40px;\",\"line-height\":\"\"}'  style=\"font-family:&#039;Poppins&#039;;font-weight:700;color:#ffffff;margin-bottom:3%;\">DEVELOPED ON THE PLATFORM<\/div><\/div>[vc_row_inner content_placement=&#8221;top&#8221; el_class=&#8221;blanc techno&#8221;][vc_column_inner width=&#8221;1\/3&#8243;][vc_single_image image=&#8221;1325&#8243; img_size=&#8221;full&#8221; css_animation=&#8221;none&#8221;][vc_column_text css=&#8221;.vc_custom_1563280947813{margin-bottom: 10px !important;}&#8221; el_class=&#8221;tehnolo-tech&#8221;]<strong>CATALYSIS<\/strong><\/p>\n<ul>\n<li><strong>Catalyst shaping<\/strong><\/li>\n<li><strong>Catalyst synthesis<\/strong><\/li>\n<li><strong>Catalyst Tests<\/strong><\/li>\n<\/ul>\n<p>[\/vc_column_text]<div class=\" vc_custom_1553267688305 ubtn-ctn-left \"><a class=\"ubtn-link ult-adjust-bottom-margin ubtn-left ubtn-normal \" href=\"\/en\/technologies\/catalysis\/\" title=\"Catalysis\" ><button type=\"button\" id=\"ubtn-9612\"  class=\"ubtn ult-adjust-bottom-margin ult-responsive ubtn-normal ubtn-fade-bg  none  ubtn-left   tooltip-69dc6c0fe3053\"  data-hover=\"#ffffff\" data-border-color=\"\" data-bg=\"#ffffff\" data-hover-bg=\"#2f283a\" data-border-hover=\"\" data-shadow-hover=\"\" data-shadow-click=\"none\" data-shadow=\"\" data-shd-shadow=\"\"  data-ultimate-target='#ubtn-9612'  data-responsive-json-new='{\"font-size\":\"\",\"line-height\":\"\"}'  style=\"font-weight:normal;border-radius:50px;border-width:0px;border-color:;border-style:solid;background: #ffffff;color: #14b1b6;\"><span class=\"ubtn-hover\" style=\"background-color:#2f283a\"><\/span><span class=\"ubtn-data ubtn-text \" >Find out more<\/span><\/button><\/a><\/div>[\/vc_column_inner][vc_column_inner width=&#8221;1\/3&#8243;][vc_single_image image=&#8221;1366&#8243; img_size=&#8221;full&#8221; css_animation=&#8221;none&#8221;][vc_column_text css=&#8221;.vc_custom_1553267508391{margin-bottom: 10px !important;}&#8221; el_class=&#8221;tehnolo-tech&#8221;]<strong>ADVANCED MATERIALS<\/strong><\/p>\n<ul>\n<li><strong>Polymer materials<\/strong><\/li>\n<li><strong>Inorganic materials<\/strong><\/li>\n<li><strong>Surface &amp; interface<\/strong><\/li>\n<li><strong>Characterization of materials<\/strong><\/li>\n<li><strong>Materials Modeling<\/strong><\/li>\n<\/ul>\n<p>[\/vc_column_text]<div class=\" vc_custom_1553267697315 ubtn-ctn-left \"><a class=\"ubtn-link ult-adjust-bottom-margin ubtn-left ubtn-normal \" href=\"\/en\/technologies\/advanced-materials\/\" title=\"Advanced materials\" ><button type=\"button\" id=\"ubtn-3006\"  class=\"ubtn ult-adjust-bottom-margin ult-responsive ubtn-normal ubtn-fade-bg  none  ubtn-left   tooltip-69dc6c0fe3098\"  data-hover=\"#ffffff\" data-border-color=\"\" data-bg=\"#ffffff\" data-hover-bg=\"#2f283a\" data-border-hover=\"\" data-shadow-hover=\"\" data-shadow-click=\"none\" data-shadow=\"\" data-shd-shadow=\"\"  data-ultimate-target='#ubtn-3006'  data-responsive-json-new='{\"font-size\":\"\",\"line-height\":\"\"}'  style=\"font-weight:normal;border-radius:50px;border-width:0px;border-color:;border-style:solid;background: #ffffff;color: #14b1b6;\"><span class=\"ubtn-hover\" style=\"background-color:#2f283a\"><\/span><span class=\"ubtn-data ubtn-text \" >Find out more<\/span><\/button><\/a><\/div>[\/vc_column_inner][vc_column_inner width=&#8221;1\/3&#8243;][vc_single_image image=&#8221;1411&#8243; img_size=&#8221;full&#8221; css_animation=&#8221;none&#8221;][vc_column_text css=&#8221;.vc_custom_1553267545641{margin-bottom: 10px !important;}&#8221; el_class=&#8221;tehnolo-tech&#8221;]<strong>SMART PROCESS<\/strong><\/p>\n<ul>\n<li><strong>Industrial processes<\/strong><\/li>\n<li><strong>Industrial analysis<\/strong><\/li>\n<li><strong>Process Simulation<\/strong><\/li>\n<\/ul>\n<p>[\/vc_column_text]<div class=\" vc_custom_1553267704969 ubtn-ctn-left \"><a class=\"ubtn-link ult-adjust-bottom-margin ubtn-left ubtn-normal \" href=\"\/en\/technologies\/smart-process\/\" title=\"SMART PROCESS\" ><button type=\"button\" id=\"ubtn-1396\"  class=\"ubtn ult-adjust-bottom-margin ult-responsive ubtn-normal ubtn-fade-bg  none  ubtn-left   tooltip-69dc6c0fe30c7\"  data-hover=\"#ffffff\" data-border-color=\"\" data-bg=\"#ffffff\" data-hover-bg=\"#2f283a\" data-border-hover=\"\" data-shadow-hover=\"\" data-shadow-click=\"none\" data-shadow=\"\" data-shd-shadow=\"\"  data-ultimate-target='#ubtn-1396'  data-responsive-json-new='{\"font-size\":\"\",\"line-height\":\"\"}'  style=\"font-weight:normal;border-radius:50px;border-width:0px;border-color:;border-style:solid;background: #ffffff;color: #14b1b6;\"><span class=\"ubtn-hover\" style=\"background-color:#2f283a\"><\/span><span class=\"ubtn-data ubtn-text \" >Find out more<\/span><\/button><\/a><\/div>[\/vc_column_inner][\/vc_row_inner][\/vc_column][\/vc_row]<\/p>\n<\/div>","protected":false},"excerpt":{"rendered":"<p>[vc_row el_class=&#8221;debut-page&#8221;][vc_column][\/vc_column][\/vc_row][vc_row][vc_column][vc_column_text el_class=&#8221;intro&#8221;] The technologies developed on the platform are&hellip;<\/p>\n","protected":false},"author":1,"featured_media":0,"parent":0,"menu_order":0,"comment_status":"closed","ping_status":"closed","template":"","meta":{"_acf_changed":false,"footnotes":""},"acf":[],"yoast_head":"<!-- This site is optimized with the Yoast SEO plugin v23.6 - https:\/\/yoast.com\/wordpress\/plugins\/seo\/ -->\n<title>TECHNOLOGIES | Axel&#039;One<\/title>\n<meta name=\"description\" content=\"Les technologies d\u00e9velopp\u00e9es sur la plateforme se d\u00e9clinent autour de 3 grands axes strat\u00e9giques : Catalyse, Mat\u00e9riaux avanc\u00e9s, Smart Process.\" \/>\n<meta name=\"robots\" content=\"index, follow, max-snippet:-1, max-image-preview:large, max-video-preview:-1\" \/>\n<link rel=\"canonical\" href=\"https:\/\/axel-one.com\/en\/technologies\/\" \/>\n<meta property=\"og:locale\" content=\"en_US\" \/>\n<meta property=\"og:type\" content=\"article\" \/>\n<meta property=\"og:title\" content=\"TECHNOLOGIES | Axel&#039;One\" \/>\n<meta property=\"og:description\" content=\"Les technologies d\u00e9velopp\u00e9es sur la plateforme se d\u00e9clinent autour de 3 grands axes strat\u00e9giques : Catalyse, Mat\u00e9riaux avanc\u00e9s, Smart Process.\" \/>\n<meta property=\"og:url\" content=\"https:\/\/axel-one.com\/en\/technologies\/\" \/>\n<meta property=\"og:site_name\" content=\"Axel&#039;One\" \/>\n<meta property=\"article:modified_time\" content=\"2019-07-16T12:42:31+00:00\" \/>\n<meta name=\"twitter:card\" content=\"summary_large_image\" \/>\n<meta name=\"twitter:label1\" content=\"Est. reading time\" \/>\n\t<meta name=\"twitter:data1\" content=\"3 minutes\" \/>\n<script type=\"application\/ld+json\" class=\"yoast-schema-graph\">{\"@context\":\"https:\/\/schema.org\",\"@graph\":[{\"@type\":\"WebPage\",\"@id\":\"https:\/\/axel-one.com\/en\/technologies\/\",\"url\":\"https:\/\/axel-one.com\/en\/technologies\/\",\"name\":\"TECHNOLOGIES | Axel&#039;One\",\"isPartOf\":{\"@id\":\"https:\/\/axel-one.com\/#website\"},\"datePublished\":\"2018-11-28T14:42:41+00:00\",\"dateModified\":\"2019-07-16T12:42:31+00:00\",\"description\":\"Les technologies d\u00e9velopp\u00e9es sur la plateforme se d\u00e9clinent autour de 3 grands axes strat\u00e9giques : Catalyse, Mat\u00e9riaux avanc\u00e9s, Smart Process.\",\"breadcrumb\":{\"@id\":\"https:\/\/axel-one.com\/en\/technologies\/#breadcrumb\"},\"inLanguage\":\"en-US\",\"potentialAction\":[{\"@type\":\"ReadAction\",\"target\":[\"https:\/\/axel-one.com\/en\/technologies\/\"]}]},{\"@type\":\"BreadcrumbList\",\"@id\":\"https:\/\/axel-one.com\/en\/technologies\/#breadcrumb\",\"itemListElement\":[{\"@type\":\"ListItem\",\"position\":1,\"name\":\"Accueil\",\"item\":\"https:\/\/axel-one.com\/en\/\"},{\"@type\":\"ListItem\",\"position\":2,\"name\":\"TECHNOLOGIES\"}]},{\"@type\":\"WebSite\",\"@id\":\"https:\/\/axel-one.com\/#website\",\"url\":\"https:\/\/axel-one.com\/\",\"name\":\"Axel'One\",\"description\":\"Axel\u2019One est une association loi 1901 cr\u00e9\u00e9e en juin 2011\",\"publisher\":{\"@id\":\"https:\/\/axel-one.com\/#organization\"},\"potentialAction\":[{\"@type\":\"SearchAction\",\"target\":{\"@type\":\"EntryPoint\",\"urlTemplate\":\"https:\/\/axel-one.com\/?s={search_term_string}\"},\"query-input\":{\"@type\":\"PropertyValueSpecification\",\"valueRequired\":true,\"valueName\":\"search_term_string\"}}],\"inLanguage\":\"en-US\"},{\"@type\":\"Organization\",\"@id\":\"https:\/\/axel-one.com\/#organization\",\"name\":\"Axel'One\",\"url\":\"https:\/\/axel-one.com\/\",\"logo\":{\"@type\":\"ImageObject\",\"inLanguage\":\"en-US\",\"@id\":\"https:\/\/axel-one.com\/#\/schema\/logo\/image\/\",\"url\":\"https:\/\/axel-one.com\/wp-content\/uploads\/2023\/09\/logo-axel-one-RVB-PNG.png\",\"contentUrl\":\"https:\/\/axel-one.com\/wp-content\/uploads\/2023\/09\/logo-axel-one-RVB-PNG.png\",\"width\":1670,\"height\":1107,\"caption\":\"Axel'One\"},\"image\":{\"@id\":\"https:\/\/axel-one.com\/#\/schema\/logo\/image\/\"},\"sameAs\":[\"https:\/\/www.linkedin.com\/company\/axel'one\"]}]}<\/script>\n<!-- \/ Yoast SEO plugin. -->","yoast_head_json":{"title":"TECHNOLOGIES | Axel&#039;One","description":"Les technologies d\u00e9velopp\u00e9es sur la plateforme se d\u00e9clinent autour de 3 grands axes strat\u00e9giques : Catalyse, Mat\u00e9riaux avanc\u00e9s, Smart Process.","robots":{"index":"index","follow":"follow","max-snippet":"max-snippet:-1","max-image-preview":"max-image-preview:large","max-video-preview":"max-video-preview:-1"},"canonical":"https:\/\/axel-one.com\/en\/technologies\/","og_locale":"en_US","og_type":"article","og_title":"TECHNOLOGIES | Axel&#039;One","og_description":"Les technologies d\u00e9velopp\u00e9es sur la plateforme se d\u00e9clinent autour de 3 grands axes strat\u00e9giques : Catalyse, Mat\u00e9riaux avanc\u00e9s, Smart Process.","og_url":"https:\/\/axel-one.com\/en\/technologies\/","og_site_name":"Axel&#039;One","article_modified_time":"2019-07-16T12:42:31+00:00","twitter_card":"summary_large_image","twitter_misc":{"Est. reading time":"3 minutes"},"schema":{"@context":"https:\/\/schema.org","@graph":[{"@type":"WebPage","@id":"https:\/\/axel-one.com\/en\/technologies\/","url":"https:\/\/axel-one.com\/en\/technologies\/","name":"TECHNOLOGIES | Axel&#039;One","isPartOf":{"@id":"https:\/\/axel-one.com\/#website"},"datePublished":"2018-11-28T14:42:41+00:00","dateModified":"2019-07-16T12:42:31+00:00","description":"Les technologies d\u00e9velopp\u00e9es sur la plateforme se d\u00e9clinent autour de 3 grands axes strat\u00e9giques : Catalyse, Mat\u00e9riaux avanc\u00e9s, Smart Process.","breadcrumb":{"@id":"https:\/\/axel-one.com\/en\/technologies\/#breadcrumb"},"inLanguage":"en-US","potentialAction":[{"@type":"ReadAction","target":["https:\/\/axel-one.com\/en\/technologies\/"]}]},{"@type":"BreadcrumbList","@id":"https:\/\/axel-one.com\/en\/technologies\/#breadcrumb","itemListElement":[{"@type":"ListItem","position":1,"name":"Accueil","item":"https:\/\/axel-one.com\/en\/"},{"@type":"ListItem","position":2,"name":"TECHNOLOGIES"}]},{"@type":"WebSite","@id":"https:\/\/axel-one.com\/#website","url":"https:\/\/axel-one.com\/","name":"Axel'One","description":"Axel\u2019One est une association loi 1901 cr\u00e9\u00e9e en juin 2011","publisher":{"@id":"https:\/\/axel-one.com\/#organization"},"potentialAction":[{"@type":"SearchAction","target":{"@type":"EntryPoint","urlTemplate":"https:\/\/axel-one.com\/?s={search_term_string}"},"query-input":{"@type":"PropertyValueSpecification","valueRequired":true,"valueName":"search_term_string"}}],"inLanguage":"en-US"},{"@type":"Organization","@id":"https:\/\/axel-one.com\/#organization","name":"Axel'One","url":"https:\/\/axel-one.com\/","logo":{"@type":"ImageObject","inLanguage":"en-US","@id":"https:\/\/axel-one.com\/#\/schema\/logo\/image\/","url":"https:\/\/axel-one.com\/wp-content\/uploads\/2023\/09\/logo-axel-one-RVB-PNG.png","contentUrl":"https:\/\/axel-one.com\/wp-content\/uploads\/2023\/09\/logo-axel-one-RVB-PNG.png","width":1670,"height":1107,"caption":"Axel'One"},"image":{"@id":"https:\/\/axel-one.com\/#\/schema\/logo\/image\/"},"sameAs":["https:\/\/www.linkedin.com\/company\/axel'one"]}]}},"_links":{"self":[{"href":"https:\/\/axel-one.com\/en\/wp-json\/wp\/v2\/pages\/2412"}],"collection":[{"href":"https:\/\/axel-one.com\/en\/wp-json\/wp\/v2\/pages"}],"about":[{"href":"https:\/\/axel-one.com\/en\/wp-json\/wp\/v2\/types\/page"}],"author":[{"embeddable":true,"href":"https:\/\/axel-one.com\/en\/wp-json\/wp\/v2\/users\/1"}],"replies":[{"embeddable":true,"href":"https:\/\/axel-one.com\/en\/wp-json\/wp\/v2\/comments?post=2412"}],"version-history":[{"count":15,"href":"https:\/\/axel-one.com\/en\/wp-json\/wp\/v2\/pages\/2412\/revisions"}],"predecessor-version":[{"id":4725,"href":"https:\/\/axel-one.com\/en\/wp-json\/wp\/v2\/pages\/2412\/revisions\/4725"}],"wp:attachment":[{"href":"https:\/\/axel-one.com\/en\/wp-json\/wp\/v2\/media?parent=2412"}],"curies":[{"name":"wp","href":"https:\/\/api.w.org\/{rel}","templated":true}]}}