{"id":5911,"date":"2023-06-06T14:02:45","date_gmt":"2023-06-06T12:02:45","guid":{"rendered":"https:\/\/axel-one.com\/produits\/"},"modified":"2024-11-14T09:16:45","modified_gmt":"2024-11-14T08:16:45","slug":"catalogue-des-outils-mutualises","status":"publish","type":"page","link":"https:\/\/axel-one.com\/catalogue-des-outils-mutualises\/","title":{"rendered":"Catalogue des outils mutualis\u00e9s"},"content":{"rendered":"<div class=\"wpb-content-wrapper\"><p>[vc_row btn_title=&#8221;All our on-site innovators&#8221; btn_link=&#8221;url:%2Fen%2Fthe-platform%2Fon-site-innovators%2F|title:On-site%20innovators||&#8221; btn_align=&#8221;ubtn-left&#8221; btn_size=&#8221;ubtn-normal&#8221; btn_width=&#8221;&#8221; btn_height=&#8221;&#8221; btn_padding_left=&#8221;&#8221; btn_padding_top=&#8221;&#8221; btn_title_color=&#8221;#ffffff&#8221; btn_bg_color=&#8221;#8cc53d&#8221; ult_btn_custom_onclick=&#8221;&#8221; btn_hover=&#8221;ubtn-fade-bg&#8221; btn_anim_effect=&#8221;none&#8221; btn_bg_color_hover=&#8221;#2f283a&#8221; btn_title_color_hover=&#8221;#ffffff&#8221; button_bg_img=&#8221;&#8221; btn_icon_pos=&#8221;ubtn-sep-icon-at-left&#8221; btn_border_style=&#8221;solid&#8221; btn_color_border=&#8221;&#8221; btn_color_border_hover=&#8221;&#8221; btn_border_size=&#8221;0&#8243; btn_radius=&#8221;50&#8243; btn_shadow=&#8221;&#8221; btn_shadow_color=&#8221;&#8221; btn_shadow_color_hover=&#8221;&#8221; btn_shadow_size=&#8221;5&#8243; btn_shadow_click=&#8221;&#8221; enable_tooltip=&#8221;&#8221; tooltip_text=&#8221;&#8221; tooltip_pos=&#8221;left&#8221; css_adv_btn=&#8221;.vc_custom_1553257007126{margin-top: 5% !important;}&#8221; rel_attr=&#8221;&#8221; ult_btn_custom_onclick_code=&#8221;&#8221; btn_font_family=&#8221;&#8221; btn_font_style=&#8221;&#8221; btn_font_size=&#8221;&#8221; btn_line_height=&#8221;&#8221;][vc_column][\/vc_column][\/vc_row][vc_row][vc_column]<div id=\"ultimate-heading-395169d29a67726c8\" class=\"uvc-heading ult-adjust-bottom-margin ultimate-heading-395169d29a67726c8 uvc-3736  uvc-heading-default-font-sizes\" data-hspacer=\"no_spacer\"  data-halign=\"center\" style=\"text-align:center\"><div class=\"uvc-heading-spacer no_spacer\" style=\"top\"><\/div><div class=\"uvc-main-heading ult-responsive\"  data-ultimate-target='.uvc-heading.ultimate-heading-395169d29a67726c8 h3'  data-responsive-json-new='{\"font-size\":\"\",\"line-height\":\"\"}' ><h3 style=\"font-weight:bold;\">Ces outils ont \u00e9t\u00e9 financ\u00e9s par<\/h3><\/div><\/div>[\/vc_column][\/vc_row][vc_row][vc_column][vc_empty_space][\/vc_column][\/vc_row][vc_row][vc_column][vc_widget_sidebar sidebar_id=&#8221;sidebar_4&#8243;][\/vc_column][\/vc_row]<\/p>\n<\/div>","protected":false},"excerpt":{"rendered":"<p>[vc_row btn_title=&#8221;All our on-site innovators&#8221; btn_link=&#8221;url:%2Fen%2Fthe-platform%2Fon-site-innovators%2F|title:On-site%20innovators||&#8221; btn_align=&#8221;ubtn-left&#8221; btn_size=&#8221;ubtn-normal&#8221; btn_width=&#8221;&#8221; btn_height=&#8221;&#8221;&hellip;<\/p>\n","protected":false},"author":2,"featured_media":0,"parent":0,"menu_order":0,"comment_status":"closed","ping_status":"closed","template":"","meta":{"_acf_changed":false,"footnotes":""},"acf":[],"yoast_head":"<!-- This site is optimized with the Yoast SEO plugin v23.6 - https:\/\/yoast.com\/wordpress\/plugins\/seo\/ -->\n<title>Catalogue des outils mutualis\u00e9s | Axel&#039;One<\/title>\n<meta name=\"description\" content=\"Axel&#039;One dispose d&#039;un vaste parc d&#039;outils mutualisables sur ces sites en Vall\u00e9e de la Chimie et sur le Campus de la Doua \u00e0 Villeurbanne\" \/>\n<meta name=\"robots\" content=\"index, follow, max-snippet:-1, max-image-preview:large, max-video-preview:-1\" \/>\n<link rel=\"canonical\" href=\"https:\/\/axel-one.com\/catalogue-des-outils-mutualises\/\" \/>\n<meta property=\"og:locale\" content=\"en_US\" \/>\n<meta property=\"og:type\" content=\"article\" \/>\n<meta property=\"og:title\" content=\"Catalogue des outils mutualis\u00e9s | Axel&#039;One\" \/>\n<meta property=\"og:description\" content=\"Axel&#039;One dispose d&#039;un vaste parc d&#039;outils mutualisables sur ces sites en Vall\u00e9e de la Chimie et sur le Campus de la Doua \u00e0 Villeurbanne\" \/>\n<meta property=\"og:url\" content=\"https:\/\/axel-one.com\/catalogue-des-outils-mutualises\/\" \/>\n<meta property=\"og:site_name\" content=\"Axel&#039;One\" \/>\n<meta property=\"article:modified_time\" content=\"2024-11-14T08:16:45+00:00\" \/>\n<meta name=\"twitter:card\" content=\"summary_large_image\" \/>\n<meta name=\"twitter:label1\" content=\"Est. reading time\" \/>\n\t<meta name=\"twitter:data1\" content=\"1 minute\" \/>\n<script type=\"application\/ld+json\" class=\"yoast-schema-graph\">{\"@context\":\"https:\/\/schema.org\",\"@graph\":[{\"@type\":\"WebPage\",\"@id\":\"https:\/\/axel-one.com\/catalogue-des-outils-mutualises\/\",\"url\":\"https:\/\/axel-one.com\/catalogue-des-outils-mutualises\/\",\"name\":\"Catalogue des outils mutualis\u00e9s | Axel&#039;One\",\"isPartOf\":{\"@id\":\"https:\/\/axel-one.com\/#website\"},\"datePublished\":\"2023-06-06T12:02:45+00:00\",\"dateModified\":\"2024-11-14T08:16:45+00:00\",\"description\":\"Axel'One dispose d'un vaste parc d'outils mutualisables sur ces sites en Vall\u00e9e de la Chimie et sur le Campus de la Doua \u00e0 Villeurbanne\",\"breadcrumb\":{\"@id\":\"https:\/\/axel-one.com\/catalogue-des-outils-mutualises\/#breadcrumb\"},\"inLanguage\":\"en-US\",\"potentialAction\":[{\"@type\":\"ReadAction\",\"target\":[\"https:\/\/axel-one.com\/catalogue-des-outils-mutualises\/\"]}]},{\"@type\":\"BreadcrumbList\",\"@id\":\"https:\/\/axel-one.com\/catalogue-des-outils-mutualises\/#breadcrumb\",\"itemListElement\":[{\"@type\":\"ListItem\",\"position\":1,\"name\":\"Accueil\",\"item\":\"https:\/\/axel-one.com\/en\/\"},{\"@type\":\"ListItem\",\"position\":2,\"name\":\"Catalogue des outils mutualis\u00e9s\"}]},{\"@type\":\"WebSite\",\"@id\":\"https:\/\/axel-one.com\/#website\",\"url\":\"https:\/\/axel-one.com\/\",\"name\":\"Axel'One\",\"description\":\"Axel\u2019One est une association loi 1901 cr\u00e9\u00e9e en juin 2011\",\"publisher\":{\"@id\":\"https:\/\/axel-one.com\/#organization\"},\"potentialAction\":[{\"@type\":\"SearchAction\",\"target\":{\"@type\":\"EntryPoint\",\"urlTemplate\":\"https:\/\/axel-one.com\/?s={search_term_string}\"},\"query-input\":{\"@type\":\"PropertyValueSpecification\",\"valueRequired\":true,\"valueName\":\"search_term_string\"}}],\"inLanguage\":\"en-US\"},{\"@type\":\"Organization\",\"@id\":\"https:\/\/axel-one.com\/#organization\",\"name\":\"Axel'One\",\"url\":\"https:\/\/axel-one.com\/\",\"logo\":{\"@type\":\"ImageObject\",\"inLanguage\":\"en-US\",\"@id\":\"https:\/\/axel-one.com\/#\/schema\/logo\/image\/\",\"url\":\"https:\/\/axel-one.com\/wp-content\/uploads\/2023\/09\/logo-axel-one-RVB-PNG.png\",\"contentUrl\":\"https:\/\/axel-one.com\/wp-content\/uploads\/2023\/09\/logo-axel-one-RVB-PNG.png\",\"width\":1670,\"height\":1107,\"caption\":\"Axel'One\"},\"image\":{\"@id\":\"https:\/\/axel-one.com\/#\/schema\/logo\/image\/\"},\"sameAs\":[\"https:\/\/www.linkedin.com\/company\/axel'one\"]}]}<\/script>\n<!-- \/ Yoast SEO plugin. -->","yoast_head_json":{"title":"Catalogue des outils mutualis\u00e9s | Axel&#039;One","description":"Axel'One dispose d'un vaste parc d'outils mutualisables sur ces sites en Vall\u00e9e de la Chimie et sur le Campus de la Doua \u00e0 Villeurbanne","robots":{"index":"index","follow":"follow","max-snippet":"max-snippet:-1","max-image-preview":"max-image-preview:large","max-video-preview":"max-video-preview:-1"},"canonical":"https:\/\/axel-one.com\/catalogue-des-outils-mutualises\/","og_locale":"en_US","og_type":"article","og_title":"Catalogue des outils mutualis\u00e9s | Axel&#039;One","og_description":"Axel'One dispose d'un vaste parc d'outils mutualisables sur ces sites en Vall\u00e9e de la Chimie et sur le Campus de la Doua \u00e0 Villeurbanne","og_url":"https:\/\/axel-one.com\/catalogue-des-outils-mutualises\/","og_site_name":"Axel&#039;One","article_modified_time":"2024-11-14T08:16:45+00:00","twitter_card":"summary_large_image","twitter_misc":{"Est. reading time":"1 minute"},"schema":{"@context":"https:\/\/schema.org","@graph":[{"@type":"WebPage","@id":"https:\/\/axel-one.com\/catalogue-des-outils-mutualises\/","url":"https:\/\/axel-one.com\/catalogue-des-outils-mutualises\/","name":"Catalogue des outils mutualis\u00e9s | Axel&#039;One","isPartOf":{"@id":"https:\/\/axel-one.com\/#website"},"datePublished":"2023-06-06T12:02:45+00:00","dateModified":"2024-11-14T08:16:45+00:00","description":"Axel'One dispose d'un vaste parc d'outils mutualisables sur ces sites en Vall\u00e9e de la Chimie et sur le Campus de la Doua \u00e0 Villeurbanne","breadcrumb":{"@id":"https:\/\/axel-one.com\/catalogue-des-outils-mutualises\/#breadcrumb"},"inLanguage":"en-US","potentialAction":[{"@type":"ReadAction","target":["https:\/\/axel-one.com\/catalogue-des-outils-mutualises\/"]}]},{"@type":"BreadcrumbList","@id":"https:\/\/axel-one.com\/catalogue-des-outils-mutualises\/#breadcrumb","itemListElement":[{"@type":"ListItem","position":1,"name":"Accueil","item":"https:\/\/axel-one.com\/en\/"},{"@type":"ListItem","position":2,"name":"Catalogue des outils mutualis\u00e9s"}]},{"@type":"WebSite","@id":"https:\/\/axel-one.com\/#website","url":"https:\/\/axel-one.com\/","name":"Axel'One","description":"Axel\u2019One est une association loi 1901 cr\u00e9\u00e9e en juin 2011","publisher":{"@id":"https:\/\/axel-one.com\/#organization"},"potentialAction":[{"@type":"SearchAction","target":{"@type":"EntryPoint","urlTemplate":"https:\/\/axel-one.com\/?s={search_term_string}"},"query-input":{"@type":"PropertyValueSpecification","valueRequired":true,"valueName":"search_term_string"}}],"inLanguage":"en-US"},{"@type":"Organization","@id":"https:\/\/axel-one.com\/#organization","name":"Axel'One","url":"https:\/\/axel-one.com\/","logo":{"@type":"ImageObject","inLanguage":"en-US","@id":"https:\/\/axel-one.com\/#\/schema\/logo\/image\/","url":"https:\/\/axel-one.com\/wp-content\/uploads\/2023\/09\/logo-axel-one-RVB-PNG.png","contentUrl":"https:\/\/axel-one.com\/wp-content\/uploads\/2023\/09\/logo-axel-one-RVB-PNG.png","width":1670,"height":1107,"caption":"Axel'One"},"image":{"@id":"https:\/\/axel-one.com\/#\/schema\/logo\/image\/"},"sameAs":["https:\/\/www.linkedin.com\/company\/axel'one"]}]}},"_links":{"self":[{"href":"https:\/\/axel-one.com\/en\/wp-json\/wp\/v2\/pages\/5911"}],"collection":[{"href":"https:\/\/axel-one.com\/en\/wp-json\/wp\/v2\/pages"}],"about":[{"href":"https:\/\/axel-one.com\/en\/wp-json\/wp\/v2\/types\/page"}],"author":[{"embeddable":true,"href":"https:\/\/axel-one.com\/en\/wp-json\/wp\/v2\/users\/2"}],"replies":[{"embeddable":true,"href":"https:\/\/axel-one.com\/en\/wp-json\/wp\/v2\/comments?post=5911"}],"version-history":[{"count":20,"href":"https:\/\/axel-one.com\/en\/wp-json\/wp\/v2\/pages\/5911\/revisions"}],"predecessor-version":[{"id":5915,"href":"https:\/\/axel-one.com\/en\/wp-json\/wp\/v2\/pages\/5911\/revisions\/5915"}],"wp:attachment":[{"href":"https:\/\/axel-one.com\/en\/wp-json\/wp\/v2\/media?parent=5911"}],"curies":[{"name":"wp","href":"https:\/\/api.w.org\/{rel}","templated":true}]}}